{"id":112,"date":"2011-02-06T12:40:32","date_gmt":"2011-02-06T11:40:32","guid":{"rendered":"http:\/\/dr-nikolaus.de\/?page_id=112"},"modified":"2017-03-24T08:57:25","modified_gmt":"2017-03-24T07:57:25","slug":"saule-1","status":"publish","type":"page","link":"https:\/\/dr-nikolaus.de\/?page_id=112","title":{"rendered":"S\u00e4ule 1: Optimierung der pers\u00f6nlichen Zahnpflege, Erhebung des Mundhygienestatus, individuelle Risikofaktoren"},"content":{"rendered":"<p style=\"text-align: justify;\"><span style=\"color: #000000;\">Die regelm\u00e4\u00dfige Zahnpflege mit dem richtigen Equipment ist die wichtigste S\u00e4ule der pers\u00f6nlichen Prophylaxe. F\u00fcr die h\u00e4usliche Mundhygiene ben\u00f6tigen Sie verschiedene Zahnpflegemittel und \u2013Instrumente. Mittlerweile gibt es in Drogeriem\u00e4rkten oder Apotheken eine nahezu un\u00fcberschaubare Anzahl verschiedener Zahncremes, Mundw\u00e4sser, usw. Wir beraten Sie gerne und geben Ihnen Tipps zur richtigen Anwendung.<\/span><\/p>\n<p style=\"text-align: justify;\"><span style=\"color: #000000;\">Durch Anf\u00e4rben der Bel\u00e4ge oder die Messung der Tiefe von Zahnfleischtaschen k\u00f6nnen mit Hilfe verschiedener Mundhygiene-Indices R\u00fcckschl\u00fcsse auf das individuelle Karies- und Parodontitisrisiko gezogen werden.<\/span><\/p>\n<p style=\"text-align: justify;\">\n<p style=\"text-align: justify;\">\n<p style=\"text-align: justify;\"><span style=\"color: #ffffff;\">Zahnarzt Bad S\u00e4ckingen<br \/>\nBad S\u00e4ckingen Zahnarzt\u00a0\u00a0\u00a0\u00a0 <\/span><\/p>\n","protected":false},"excerpt":{"rendered":"<p>Die regelm\u00e4\u00dfige Zahnpflege mit dem richtigen Equipment ist die wichtigste S\u00e4ule der pers\u00f6nlichen Prophylaxe. F\u00fcr die h\u00e4usliche Mundhygiene ben\u00f6tigen Sie verschiedene Zahnpflegemittel und \u2013Instrumente. Mittlerweile gibt es in Drogeriem\u00e4rkten oder Apotheken eine nahezu un\u00fcberschaubare Anzahl verschiedener Zahncremes, Mundw\u00e4sser, usw. Wir &hellip; <a href=\"https:\/\/dr-nikolaus.de\/?page_id=112\">Weiterlesen <span class=\"meta-nav\">&rarr;<\/span><\/a><\/p>\n","protected":false},"author":2,"featured_media":0,"parent":33,"menu_order":1,"comment_status":"closed","ping_status":"open","template":"","meta":{"footnotes":""},"_links":{"self":[{"href":"https:\/\/dr-nikolaus.de\/index.php?rest_route=\/wp\/v2\/pages\/112"}],"collection":[{"href":"https:\/\/dr-nikolaus.de\/index.php?rest_route=\/wp\/v2\/pages"}],"about":[{"href":"https:\/\/dr-nikolaus.de\/index.php?rest_route=\/wp\/v2\/types\/page"}],"author":[{"embeddable":true,"href":"https:\/\/dr-nikolaus.de\/index.php?rest_route=\/wp\/v2\/users\/2"}],"replies":[{"embeddable":true,"href":"https:\/\/dr-nikolaus.de\/index.php?rest_route=%2Fwp%2Fv2%2Fcomments&post=112"}],"version-history":[{"count":11,"href":"https:\/\/dr-nikolaus.de\/index.php?rest_route=\/wp\/v2\/pages\/112\/revisions"}],"predecessor-version":[{"id":1366,"href":"https:\/\/dr-nikolaus.de\/index.php?rest_route=\/wp\/v2\/pages\/112\/revisions\/1366"}],"up":[{"embeddable":true,"href":"https:\/\/dr-nikolaus.de\/index.php?rest_route=\/wp\/v2\/pages\/33"}],"wp:attachment":[{"href":"https:\/\/dr-nikolaus.de\/index.php?rest_route=%2Fwp%2Fv2%2Fmedia&parent=112"}],"curies":[{"name":"wp","href":"https:\/\/api.w.org\/{rel}","templated":true}]}}