{"id":141,"date":"2011-02-06T12:41:01","date_gmt":"2011-02-06T11:41:01","guid":{"rendered":"http:\/\/dr-nikolaus.de\/?page_id=141"},"modified":"2017-03-24T08:57:40","modified_gmt":"2017-03-24T07:57:40","slug":"saule-2-professionelle-zahnreinigung","status":"publish","type":"page","link":"https:\/\/dr-nikolaus.de\/?page_id=141","title":{"rendered":"S\u00e4ule 2: Professionelle Zahnreinigung"},"content":{"rendered":"<p style=\"text-align: justify;\"><span style=\"color: #000000;\">Die professionelle Zahnreinigung (PZR) bedeutet Zahnpflege von Profihand, welche mit verschiedenen Ma\u00dfnahmen eine optimale Voraussetzung f\u00fcr den Erfolg der h\u00e4uslichen Zahnpflege schafft.\u00a0<\/span><\/p>\n<p style=\"text-align: justify;\"><span style=\"color: #000000;\">Dazu geh\u00f6rt unter anderem die Entfernung aller erreichbaren hartn\u00e4ckigen Verf\u00e4rbungen und Bel\u00e4ge (z.B. durch Zigaretten, Kaffee, Tee oder Rotwein oder Zahnstein) mit Hilfe von Ultraschall, Handinstrumenten und Pulverstrahlger\u00e4t (AIR FLOW). Danach werden die Z\u00e4hne poliert, denn auf v\u00f6llig glatten Zahnoberfl\u00e4chen k\u00f6nnen sich Plaque und Verf\u00e4rbungen nicht so leicht erneut festsetzen. Glatte und saubere Z\u00e4hne und ein frischer Atem sind die Belohnung.\u00a0<\/span><\/p>\n<p style=\"text-align: justify;\"><span style=\"color: #000000;\">Durch die konsequente Reinigung der Zahnfleischtaschen festigt sich das Zahnfleisch allm\u00e4hlich wieder und gewinnt seine gesunde Farbe zur\u00fcck. Die Prophylaxe dient also nicht nur der Vermeidung von Karies, sondern auch der Vermeidung von Zahnfleischerkrankungen.\u00a0<\/span><\/p>\n<p style=\"text-align: center;\">\u00a0<span style=\"color: #000000;\"><strong><a href=\"http:\/\/dr-nikolaus.de\/?attachment_id=265\"><img loading=\"lazy\" decoding=\"async\" class=\"alignnone size-full wp-image-265\" title=\"Professionelle Zahnreinigung 2\" src=\"http:\/\/dr-nikolaus.de\/wp-content\/uploads\/2011\/01\/Professionelle-Zahnreinigung-2.bmp\" alt=\"\" width=\"132\" height=\"79\" \/><\/a>\u00a0\u00a0\u00a0\u00a0\u00a0\u00a0 <a href=\"http:\/\/dr-nikolaus.de\/?attachment_id=264\"><img loading=\"lazy\" decoding=\"async\" class=\"alignnone size-full wp-image-264\" title=\"Professionelle Zahnreinigung 1\" src=\"http:\/\/dr-nikolaus.de\/wp-content\/uploads\/2011\/01\/Professionelle-Zahnreinigung-1.bmp\" alt=\"\" width=\"114\" height=\"76\" \/><\/a><\/strong><\/span><br \/>\n<em><span style=\"color: #888888;\">Unterkiefer-Frontz\u00e4hne mit Zahnstein und Bel\u00e4gen vor und nach Reinigung<\/span><\/em><\/p>\n<div><span style=\"color: #000000;\">\u00a0\u00a0<\/span><\/div>\n<div><span style=\"color: #000000;\">\u00a0<\/span><\/div>\n<div><span style=\"color: #000000;\">\u00a0<\/span><\/div>\n<div><span style=\"color: #000000;\">\u00a0\u00a0<\/span><\/div>\n<div><span style=\"color: #000000;\">\u00a0<\/span><\/div>\n<div><span style=\"color: #000000;\">\u00a0<\/span><\/div>\n<div><span style=\"color: #000000;\"><span style=\"color: #000000;\">\u00a0<\/span><\/span><\/p>\n<p style=\"text-align: justify;\"><span style=\"color: #ffffff;\">Zahnarzt Bad S\u00e4ckingen<\/span><\/p>\n<\/div>\n<div><span style=\"color: #000000;\">\u00a0<\/span><\/div>\n<p>&nbsp;<\/p>\n<p><span style=\"color: #000000;\">\u00a0\u00a0<\/span><\/p>\n<p>&nbsp;<\/p>\n","protected":false},"excerpt":{"rendered":"<p>Die professionelle Zahnreinigung (PZR) bedeutet Zahnpflege von Profihand, welche mit verschiedenen Ma\u00dfnahmen eine optimale Voraussetzung f\u00fcr den Erfolg der h\u00e4uslichen Zahnpflege schafft.\u00a0 Dazu geh\u00f6rt unter anderem die Entfernung aller erreichbaren hartn\u00e4ckigen Verf\u00e4rbungen und Bel\u00e4ge (z.B. durch Zigaretten, Kaffee, Tee oder &hellip; <a href=\"https:\/\/dr-nikolaus.de\/?page_id=141\">Weiterlesen <span class=\"meta-nav\">&rarr;<\/span><\/a><\/p>\n","protected":false},"author":2,"featured_media":0,"parent":33,"menu_order":2,"comment_status":"closed","ping_status":"open","template":"","meta":{"footnotes":""},"_links":{"self":[{"href":"https:\/\/dr-nikolaus.de\/index.php?rest_route=\/wp\/v2\/pages\/141"}],"collection":[{"href":"https:\/\/dr-nikolaus.de\/index.php?rest_route=\/wp\/v2\/pages"}],"about":[{"href":"https:\/\/dr-nikolaus.de\/index.php?rest_route=\/wp\/v2\/types\/page"}],"author":[{"embeddable":true,"href":"https:\/\/dr-nikolaus.de\/index.php?rest_route=\/wp\/v2\/users\/2"}],"replies":[{"embeddable":true,"href":"https:\/\/dr-nikolaus.de\/index.php?rest_route=%2Fwp%2Fv2%2Fcomments&post=141"}],"version-history":[{"count":28,"href":"https:\/\/dr-nikolaus.de\/index.php?rest_route=\/wp\/v2\/pages\/141\/revisions"}],"predecessor-version":[{"id":1367,"href":"https:\/\/dr-nikolaus.de\/index.php?rest_route=\/wp\/v2\/pages\/141\/revisions\/1367"}],"up":[{"embeddable":true,"href":"https:\/\/dr-nikolaus.de\/index.php?rest_route=\/wp\/v2\/pages\/33"}],"wp:attachment":[{"href":"https:\/\/dr-nikolaus.de\/index.php?rest_route=%2Fwp%2Fv2%2Fmedia&parent=141"}],"curies":[{"name":"wp","href":"https:\/\/api.w.org\/{rel}","templated":true}]}}