{"id":146,"date":"2011-02-06T12:46:49","date_gmt":"2011-02-06T11:46:49","guid":{"rendered":"http:\/\/dr-nikolaus.de\/?page_id=146"},"modified":"2017-03-24T08:57:52","modified_gmt":"2017-03-24T07:57:52","slug":"saule-3-recall-nachsorge","status":"publish","type":"page","link":"https:\/\/dr-nikolaus.de\/?page_id=146","title":{"rendered":"S\u00e4ule 3: Recall (Nachsorge)"},"content":{"rendered":"<p style=\"text-align: justify;\"><span style=\"color: #000000;\">Ein langfristig erfolgreiches Behandlungskonzept ist nur durch regelm\u00e4\u00dfige Kontrollen m\u00f6glich. In der Regel sind halbj\u00e4hrliche Recall-Termine ausreichend und \u00fcblich. Bei sehr schneller Zahnsteinbildung oder der Neigung zu Zahnfleischentz\u00fcndungen k\u00f6nnen jedoch auch k\u00fcrzere Abst\u00e4nde zu empfehlen sein. Ausgehend von der individuelle Diagnostik entwickeln wir f\u00fcr ein auf Sie pers\u00f6nlich abgestimmtes Mundhygienekonzept.<\/span><\/p>\n<p style=\"text-align: justify;\">\n<p style=\"text-align: justify;\">\n<p style=\"text-align: justify;\"><span style=\"color: #ffffff;\">Zahnarzt Bad S\u00e4ckingen<\/span><\/p>\n","protected":false},"excerpt":{"rendered":"<p>Ein langfristig erfolgreiches Behandlungskonzept ist nur durch regelm\u00e4\u00dfige Kontrollen m\u00f6glich. In der Regel sind halbj\u00e4hrliche Recall-Termine ausreichend und \u00fcblich. Bei sehr schneller Zahnsteinbildung oder der Neigung zu Zahnfleischentz\u00fcndungen k\u00f6nnen jedoch auch k\u00fcrzere Abst\u00e4nde zu empfehlen sein. Ausgehend von der individuelle &hellip; <a href=\"https:\/\/dr-nikolaus.de\/?page_id=146\">Weiterlesen <span class=\"meta-nav\">&rarr;<\/span><\/a><\/p>\n","protected":false},"author":2,"featured_media":0,"parent":33,"menu_order":3,"comment_status":"closed","ping_status":"open","template":"","meta":{"footnotes":""},"_links":{"self":[{"href":"https:\/\/dr-nikolaus.de\/index.php?rest_route=\/wp\/v2\/pages\/146"}],"collection":[{"href":"https:\/\/dr-nikolaus.de\/index.php?rest_route=\/wp\/v2\/pages"}],"about":[{"href":"https:\/\/dr-nikolaus.de\/index.php?rest_route=\/wp\/v2\/types\/page"}],"author":[{"embeddable":true,"href":"https:\/\/dr-nikolaus.de\/index.php?rest_route=\/wp\/v2\/users\/2"}],"replies":[{"embeddable":true,"href":"https:\/\/dr-nikolaus.de\/index.php?rest_route=%2Fwp%2Fv2%2Fcomments&post=146"}],"version-history":[{"count":10,"href":"https:\/\/dr-nikolaus.de\/index.php?rest_route=\/wp\/v2\/pages\/146\/revisions"}],"predecessor-version":[{"id":1368,"href":"https:\/\/dr-nikolaus.de\/index.php?rest_route=\/wp\/v2\/pages\/146\/revisions\/1368"}],"up":[{"embeddable":true,"href":"https:\/\/dr-nikolaus.de\/index.php?rest_route=\/wp\/v2\/pages\/33"}],"wp:attachment":[{"href":"https:\/\/dr-nikolaus.de\/index.php?rest_route=%2Fwp%2Fv2%2Fmedia&parent=146"}],"curies":[{"name":"wp","href":"https:\/\/api.w.org\/{rel}","templated":true}]}}