{"id":148,"date":"2011-02-06T12:48:30","date_gmt":"2011-02-06T11:48:30","guid":{"rendered":"http:\/\/dr-nikolaus.de\/?page_id=148"},"modified":"2017-03-28T13:41:56","modified_gmt":"2017-03-28T12:41:56","slug":"was-ist-eine-parodontitis","status":"publish","type":"page","link":"https:\/\/dr-nikolaus.de\/?page_id=148","title":{"rendered":"Was ist eine Parodontitis?"},"content":{"rendered":"<p style=\"text-align: justify;\"><span style=\"color: #000000;\">Eine Parodontitis ist eine Entz\u00fcndung des Zahnhalteapparates. Dieser umschlie\u00dft den Zahn und gibt ihm sicheren Halt im Kiefer. Er besteht im Wesentlichen aus dem Zahnfleisch, der Wurzelhaut sowie dem Kieferknochen.<\/span><\/p>\n<p style=\"text-align: justify;\"><span style=\"color: #000000;\">Oftmals beginnt eine Parodontitis mit einer harmlosen Zahnfleischentz\u00fcndung. Wenn diese fr\u00fchzeitig erkannt und behandelt wird, kann diese problemlos ausheilen. Ohne eine Behandlung k\u00f6nnen sich die Bakterien ausbreiten und letztlich den gesamten Zahnhalteapparat entz\u00fcnden. Im weiteren Verlauf kann der Kieferknochen geschw\u00e4cht werden, der Zahn verliert somit seinen Halt.<\/span><\/p>\n<p style=\"text-align: justify;\"><span style=\"color: #000000;\">Dar\u00fcber hinaus kann eine unbehandelte Parodontitis den gesamten Organismus belasten, indem Erreger oder ihre Stoffwechselprodukte in die Blutbahn und somit zu lebenswichtigen Organen (wie z.B. Herz) gelangen.<\/span><\/p>\n<p style=\"text-align: justify;\">\n<p style=\"text-align: justify;\"><span style=\"color: #ffffff;\">Zahnarzt Bad S\u00e4ckingen Bad S\u00e4ckingen Zahnarzt<\/span><\/p>\n","protected":false},"excerpt":{"rendered":"<p>Eine Parodontitis ist eine Entz\u00fcndung des Zahnhalteapparates. Dieser umschlie\u00dft den Zahn und gibt ihm sicheren Halt im Kiefer. Er besteht im Wesentlichen aus dem Zahnfleisch, der Wurzelhaut sowie dem Kieferknochen. Oftmals beginnt eine Parodontitis mit einer harmlosen Zahnfleischentz\u00fcndung. Wenn diese &hellip; <a href=\"https:\/\/dr-nikolaus.de\/?page_id=148\">Weiterlesen <span class=\"meta-nav\">&rarr;<\/span><\/a><\/p>\n","protected":false},"author":2,"featured_media":0,"parent":36,"menu_order":1,"comment_status":"closed","ping_status":"open","template":"","meta":{"footnotes":""},"_links":{"self":[{"href":"https:\/\/dr-nikolaus.de\/index.php?rest_route=\/wp\/v2\/pages\/148"}],"collection":[{"href":"https:\/\/dr-nikolaus.de\/index.php?rest_route=\/wp\/v2\/pages"}],"about":[{"href":"https:\/\/dr-nikolaus.de\/index.php?rest_route=\/wp\/v2\/types\/page"}],"author":[{"embeddable":true,"href":"https:\/\/dr-nikolaus.de\/index.php?rest_route=\/wp\/v2\/users\/2"}],"replies":[{"embeddable":true,"href":"https:\/\/dr-nikolaus.de\/index.php?rest_route=%2Fwp%2Fv2%2Fcomments&post=148"}],"version-history":[{"count":9,"href":"https:\/\/dr-nikolaus.de\/index.php?rest_route=\/wp\/v2\/pages\/148\/revisions"}],"predecessor-version":[{"id":1371,"href":"https:\/\/dr-nikolaus.de\/index.php?rest_route=\/wp\/v2\/pages\/148\/revisions\/1371"}],"up":[{"embeddable":true,"href":"https:\/\/dr-nikolaus.de\/index.php?rest_route=\/wp\/v2\/pages\/36"}],"wp:attachment":[{"href":"https:\/\/dr-nikolaus.de\/index.php?rest_route=%2Fwp%2Fv2%2Fmedia&parent=148"}],"curies":[{"name":"wp","href":"https:\/\/api.w.org\/{rel}","templated":true}]}}