{"id":154,"date":"2011-02-06T12:50:48","date_gmt":"2011-02-06T11:50:48","guid":{"rendered":"http:\/\/dr-nikolaus.de\/?page_id=154"},"modified":"2017-04-07T09:36:16","modified_gmt":"2017-04-07T08:36:16","slug":"behandlung-und-ziel","status":"publish","type":"page","link":"https:\/\/dr-nikolaus.de\/?page_id=154","title":{"rendered":"Behandlung und Ziel"},"content":{"rendered":"<p style=\"text-align: justify;\"><span style=\"color: #000000;\">Ziel ist es, die Bakterien maximal zu reduzieren oder zu eliminieren. Die Behandlung der Parodontitis setzt sich aus 3 Teilen zusammen:<\/span><\/p>\n<p style=\"text-align: justify;\"><span style=\"color: #000000;\"><em>\u00a0<\/em><em>1. Die Vorbehandlung<\/em><\/span><\/p>\n<p style=\"text-align: justify;\"><span style=\"color: #000000;\">In der auf\u00a0 Ihre Bed\u00fcrfnisse abgestimmte Hygienephase erfolgt mittels professioneller Zahnreinigung eine Dekontamination bzw. S\u00e4uberung der Zahnfleischtaschen. Weiterhin werden Ihre h\u00e4uslichen Mundhygienema\u00dfnahmen optimiert. Unter unserer Anleitung erlernen Sie, eine auf Ihre Bed\u00fcrfnisse abgestimmte Putztechnik sowie den individuellen Einsatz von Pflegemitteln zur Zahnreinigung.<\/span><\/p>\n<p style=\"text-align: justify;\"><em><span style=\"color: #000000;\">2. Die Parodontalbehandlung<\/span><\/em><\/p>\n<p style=\"text-align: justify;\"><span style=\"color: #000000;\">Die eigentliche Parodontalbehandlung hat zum Ziel, die restlichen Bakterien und Ablagerungen in den tiefen Zahnfleischtasche zu entfernen sowie das Entz\u00fcndungsgewebe zu beseitigen und die Wurzeloberfl\u00e4che zu gl\u00e4tten. Auf sauberen, glatten Wurzeloberfl\u00e4chen kann sich das Zahnfleisch wieder an der Wurzel anheften und die vorhandenen Taschen schlie\u00dfen.<br \/>\nUm eine m\u00f6glichst perfekte Desinfektion der Mundh\u00f6hle zu erreichen ist es notwendig, diesen Abschnitt der Behandlung innerhalb von 24 Stunden in der gesamten Mundh\u00f6hle durchzuf\u00fchren. <\/span><\/p>\n<p style=\"text-align: justify;\"><span style=\"color: #000000;\">3. <em>Die Nachbehandlung<\/em><\/span><\/p>\n<p style=\"text-align: justify;\"><span style=\"color: #000000;\">F\u00fcr den dauerhaften Erfolg einer Parodontalbehandlung ist eine regelm\u00e4\u00dfige Nachsorge und eine optimale Mundhygiene Bedeutung. In der Nachbehandlung kontrollieren wir mit Ihnen die Effektivit\u00e4t der h\u00e4uslichen Mundhygiene.<\/span><\/p>\n<p style=\"text-align: justify;\">\n<p style=\"text-align: justify;\"><span style=\"color: #ffffff;\">Zahnarzt Bad S\u00e4ckingen Bad S\u00e4ckingen Zahnarzt<\/span><\/p>\n","protected":false},"excerpt":{"rendered":"<p>Ziel ist es, die Bakterien maximal zu reduzieren oder zu eliminieren. Die Behandlung der Parodontitis setzt sich aus 3 Teilen zusammen: \u00a01. Die Vorbehandlung In der auf\u00a0 Ihre Bed\u00fcrfnisse abgestimmte Hygienephase erfolgt mittels professioneller Zahnreinigung eine Dekontamination bzw. S\u00e4uberung der &hellip; <a href=\"https:\/\/dr-nikolaus.de\/?page_id=154\">Weiterlesen <span class=\"meta-nav\">&rarr;<\/span><\/a><\/p>\n","protected":false},"author":2,"featured_media":0,"parent":36,"menu_order":4,"comment_status":"closed","ping_status":"open","template":"","meta":{"footnotes":""},"_links":{"self":[{"href":"https:\/\/dr-nikolaus.de\/index.php?rest_route=\/wp\/v2\/pages\/154"}],"collection":[{"href":"https:\/\/dr-nikolaus.de\/index.php?rest_route=\/wp\/v2\/pages"}],"about":[{"href":"https:\/\/dr-nikolaus.de\/index.php?rest_route=\/wp\/v2\/types\/page"}],"author":[{"embeddable":true,"href":"https:\/\/dr-nikolaus.de\/index.php?rest_route=\/wp\/v2\/users\/2"}],"replies":[{"embeddable":true,"href":"https:\/\/dr-nikolaus.de\/index.php?rest_route=%2Fwp%2Fv2%2Fcomments&post=154"}],"version-history":[{"count":7,"href":"https:\/\/dr-nikolaus.de\/index.php?rest_route=\/wp\/v2\/pages\/154\/revisions"}],"predecessor-version":[{"id":1377,"href":"https:\/\/dr-nikolaus.de\/index.php?rest_route=\/wp\/v2\/pages\/154\/revisions\/1377"}],"up":[{"embeddable":true,"href":"https:\/\/dr-nikolaus.de\/index.php?rest_route=\/wp\/v2\/pages\/36"}],"wp:attachment":[{"href":"https:\/\/dr-nikolaus.de\/index.php?rest_route=%2Fwp%2Fv2%2Fmedia&parent=154"}],"curies":[{"name":"wp","href":"https:\/\/api.w.org\/{rel}","templated":true}]}}