{"id":1604,"date":"2021-01-24T19:55:53","date_gmt":"2021-01-24T18:55:53","guid":{"rendered":"https:\/\/dr-nikolaus.de\/?page_id=1604"},"modified":"2021-01-24T19:56:27","modified_gmt":"2021-01-24T18:56:27","slug":"digitalroentgen","status":"publish","type":"page","link":"https:\/\/dr-nikolaus.de\/?page_id=1604","title":{"rendered":"Digitalr\u00f6ntgen"},"content":{"rendered":"\n<p>Ein wichtiger Bestandteil einer modernen und\nminimalinvasiven Zahnmedizin ist das digitale R\u00f6ntgen.<\/p>\n\n\n\n<p>Zus\u00e4tzlich zu einer umfassenden Untersuchung stellt uns ein\nR\u00f6ntgenbild wichtige Informationen \u00fcber den Gesundheitszustand Ihrer Z\u00e4hne und\ndes Kieferknochens zur Verf\u00fcgung. So lassen sich bereits fr\u00fchzeitig kari\u00f6se\nDefekte zwischen den Z\u00e4hnen oder Entz\u00fcndungen im Kieferknochen diagnostizieren.\nDie fr\u00fchzeitige Erkennung reduziert den Behandlungsaufwand und sichert den\nErhalt Ihrer Z\u00e4hne.<\/p>\n\n\n\n<p><strong>In unserer Praxis\nverwenden wir digitale R\u00f6ntgentechnik.<\/strong> Diese stellt eine Weiterentwicklung\nder herk\u00f6mmlichen analogen Systeme dar.<\/p>\n\n\n\n<p><strong>Vorteile des digitalen R\u00f6ntgens<\/strong>:<\/p>\n\n\n\n<p>Digitales R\u00f6ntgen verf\u00fcgt \u00fcber eine h\u00f6here Aufl\u00f6sung, als analoge Filme. Die Bilder k\u00f6nnen zudem vergr\u00f6\u00dfert oder nachbearbeitet werden, d.h. Kontrast, die Sch\u00e4rfe k\u00f6nnen beispielweise optimiert werden<\/p>\n\n\n\n<p>Digitales R\u00f6ntgen arbeitet dosis-reduziert. Im Vergleich zu analogen Verfahren ist die <strong>Strahlenbelastung f\u00fcr Sie dadurch deutlich geringer<\/strong>.<\/p>\n\n\n\n<p>Die Aufnahmen liegen sofort vor und m\u00fcssen nicht erst entwickelt werden.<\/p>\n\n\n\n<p>Falls erforderlich k\u00f6nnen digitale R\u00f6ntgenbilder -Ihr Einverst\u00e4ndnis vorausgesetzt- zur Kl\u00e4rung bestimmter fachlicher Fragen oder f\u00fcr \u00dcberweisungen verschl\u00fcsselt per E-Mail an Kollegen versendet werden.<\/p>\n\n\n\n<p>Digitales R\u00f6ntgen ist umweltfreundlicher, da z. B. keine Entwicklerchemikalien ben\u00f6tigt werden.<\/p>\n","protected":false},"excerpt":{"rendered":"<p>Ein wichtiger Bestandteil einer modernen und minimalinvasiven Zahnmedizin ist das digitale R\u00f6ntgen. Zus\u00e4tzlich zu einer umfassenden Untersuchung stellt uns ein R\u00f6ntgenbild wichtige Informationen \u00fcber den Gesundheitszustand Ihrer Z\u00e4hne und des Kieferknochens zur Verf\u00fcgung. So lassen sich bereits fr\u00fchzeitig kari\u00f6se Defekte &hellip; <a href=\"https:\/\/dr-nikolaus.de\/?page_id=1604\">Weiterlesen <span class=\"meta-nav\">&rarr;<\/span><\/a><\/p>\n","protected":false},"author":2,"featured_media":0,"parent":21,"menu_order":11,"comment_status":"closed","ping_status":"closed","template":"","meta":{"footnotes":""},"_links":{"self":[{"href":"https:\/\/dr-nikolaus.de\/index.php?rest_route=\/wp\/v2\/pages\/1604"}],"collection":[{"href":"https:\/\/dr-nikolaus.de\/index.php?rest_route=\/wp\/v2\/pages"}],"about":[{"href":"https:\/\/dr-nikolaus.de\/index.php?rest_route=\/wp\/v2\/types\/page"}],"author":[{"embeddable":true,"href":"https:\/\/dr-nikolaus.de\/index.php?rest_route=\/wp\/v2\/users\/2"}],"replies":[{"embeddable":true,"href":"https:\/\/dr-nikolaus.de\/index.php?rest_route=%2Fwp%2Fv2%2Fcomments&post=1604"}],"version-history":[{"count":3,"href":"https:\/\/dr-nikolaus.de\/index.php?rest_route=\/wp\/v2\/pages\/1604\/revisions"}],"predecessor-version":[{"id":1607,"href":"https:\/\/dr-nikolaus.de\/index.php?rest_route=\/wp\/v2\/pages\/1604\/revisions\/1607"}],"up":[{"embeddable":true,"href":"https:\/\/dr-nikolaus.de\/index.php?rest_route=\/wp\/v2\/pages\/21"}],"wp:attachment":[{"href":"https:\/\/dr-nikolaus.de\/index.php?rest_route=%2Fwp%2Fv2%2Fmedia&parent=1604"}],"curies":[{"name":"wp","href":"https:\/\/api.w.org\/{rel}","templated":true}]}}