{"id":166,"date":"2011-02-06T12:53:49","date_gmt":"2011-02-06T11:53:49","guid":{"rendered":"http:\/\/dr-nikolaus.de\/?page_id=166"},"modified":"2022-05-24T22:12:43","modified_gmt":"2022-05-24T21:12:43","slug":"zahnaufhellung-bleaching","status":"publish","type":"page","link":"https:\/\/dr-nikolaus.de\/?page_id=166","title":{"rendered":"Zahnaufhellung (Bleaching)"},"content":{"rendered":"<p style=\"text-align: justify;\"><span style=\"color: #000000;\">Bei der Zahnaufhellung unterscheidet man grunds\u00e4tzlich 2 verschiedene Verfahren:<\/span><\/p>\n<p style=\"text-align: justify;\"><strong><span style=\"color: #000000;\">Externes Bleichen (Home Bleaching)<\/span><\/strong><\/p>\n<p style=\"text-align: justify;\"><span style=\"color: #000000;\">Hierf\u00fcr werden von den Z\u00e4hnen Abdr\u00fccke genommen und auf den hergestellten Modellen d\u00fcnne passgenaue Schienen aus Kunststoff angefertigt. Den eigentlichen Bleichvorgang f\u00fchrt der Patient nach genauer Anleitung durch die Praxis selbst\u00e4ndig zu Hause durch: die Zahnschiene wird mit dem Bleichmittel gef\u00fcllt und \u00fcber Nacht oder f\u00fcr mehrere Stunden am Tag getragen. Je nach angestrebtem Helligkeitsgrad betr\u00e4gt die Anwendungsdauer 1-4 Wochen. Dabei sind Aufhellungen um mehrere Nuancen m\u00f6glich.<\/span><\/p>\n<p style=\"text-align: justify;\"><strong><span style=\"color: #000000;\">Internes Bleichen (Walking Bleach-Technik)<\/span><\/strong><\/p>\n<p style=\"text-align: justify;\"><span style=\"color: #000000;\">Hierbei handelt es sich um ein speziellen Verfahren f\u00fcr einzelne Z\u00e4hne, bei denen der Zahnnerv abgestorben ist. Mit der Zeit nehmen diese gern eine gr\u00e4uliche (&#8222;tote&#8220;) Verf\u00e4rbung an. Z\u00e4hne mit derartigen Verf\u00e4rbungen k\u00f6nnen \u201evon innen heraus\u201c wieder aufgehellt werden.<br \/>\nDazu muss ein Bleichmittel vor\u00fcbergehend in den Zahn eingebracht werden. Nach Erreichen der gew\u00fcnschten Helligkeit wird das Mittel wieder entfernt und der Zahn anschlie\u00dfend bakteriendicht verschlossen.<\/span><\/p>\n","protected":false},"excerpt":{"rendered":"<p>Bei der Zahnaufhellung unterscheidet man grunds\u00e4tzlich 2 verschiedene Verfahren: Externes Bleichen (Home Bleaching) Hierf\u00fcr werden von den Z\u00e4hnen Abdr\u00fccke genommen und auf den hergestellten Modellen d\u00fcnne passgenaue Schienen aus Kunststoff angefertigt. Den eigentlichen Bleichvorgang f\u00fchrt der Patient nach genauer Anleitung &hellip; <a href=\"https:\/\/dr-nikolaus.de\/?page_id=166\">Weiterlesen <span class=\"meta-nav\">&rarr;<\/span><\/a><\/p>\n","protected":false},"author":2,"featured_media":0,"parent":38,"menu_order":1,"comment_status":"closed","ping_status":"open","template":"","meta":{"footnotes":""},"_links":{"self":[{"href":"https:\/\/dr-nikolaus.de\/index.php?rest_route=\/wp\/v2\/pages\/166"}],"collection":[{"href":"https:\/\/dr-nikolaus.de\/index.php?rest_route=\/wp\/v2\/pages"}],"about":[{"href":"https:\/\/dr-nikolaus.de\/index.php?rest_route=\/wp\/v2\/types\/page"}],"author":[{"embeddable":true,"href":"https:\/\/dr-nikolaus.de\/index.php?rest_route=\/wp\/v2\/users\/2"}],"replies":[{"embeddable":true,"href":"https:\/\/dr-nikolaus.de\/index.php?rest_route=%2Fwp%2Fv2%2Fcomments&post=166"}],"version-history":[{"count":7,"href":"https:\/\/dr-nikolaus.de\/index.php?rest_route=\/wp\/v2\/pages\/166\/revisions"}],"predecessor-version":[{"id":1618,"href":"https:\/\/dr-nikolaus.de\/index.php?rest_route=\/wp\/v2\/pages\/166\/revisions\/1618"}],"up":[{"embeddable":true,"href":"https:\/\/dr-nikolaus.de\/index.php?rest_route=\/wp\/v2\/pages\/38"}],"wp:attachment":[{"href":"https:\/\/dr-nikolaus.de\/index.php?rest_route=%2Fwp%2Fv2%2Fmedia&parent=166"}],"curies":[{"name":"wp","href":"https:\/\/api.w.org\/{rel}","templated":true}]}}