{"id":168,"date":"2011-02-06T12:55:27","date_gmt":"2011-02-06T11:55:27","guid":{"rendered":"http:\/\/dr-nikolaus.de\/?page_id=168"},"modified":"2022-06-23T07:56:45","modified_gmt":"2022-06-23T06:56:45","slug":"veneers-verblendschalen","status":"publish","type":"page","link":"https:\/\/dr-nikolaus.de\/?page_id=168","title":{"rendered":"Veneers (Verblendschalen)"},"content":{"rendered":"<p style=\"text-align: justify;\"><span style=\"color: #000000;\">Veneers sind d\u00fcnne, lichtdurchl\u00e4ssige Verblendschalen aus Keramik oder Kunststoff, die vor allem den Frontzahnbereich, also die Eck- und Schneidez\u00e4hne, versch\u00f6nern k\u00f6nnen. Verf\u00e4rbte, gedrehte oder abgesplitterte Z\u00e4hne k\u00f6nnen mit Veneers korrigiert werden. Die individuell angefertigten Halbschalen haften mit speziellem Klebstoff auf der von au\u00dfen sichtbaren Zahnoberfl\u00e4che und verdecken so fehlerhafte Zahnstellungen, L\u00fccken, Verf\u00e4rbungen und Frakturen. Wertvolle gesunde Zahnsubstanz wird dabei geschont, da in der Regel nur eine sehr d\u00fcnne Schicht Zahnschmelz beschliffen\u00a0 werden muss.<\/span><\/p>\n<div><\/div>\n<p style=\"text-align: justify;\"><span style=\"color: #ffffff;\">Zahnarzt Bad S\u00e4ckingen Bad S\u00e4ckingen Zahnarzt<\/span><\/p>\n","protected":false},"excerpt":{"rendered":"<p>Veneers sind d\u00fcnne, lichtdurchl\u00e4ssige Verblendschalen aus Keramik oder Kunststoff, die vor allem den Frontzahnbereich, also die Eck- und Schneidez\u00e4hne, versch\u00f6nern k\u00f6nnen. Verf\u00e4rbte, gedrehte oder abgesplitterte Z\u00e4hne k\u00f6nnen mit Veneers korrigiert werden. Die individuell angefertigten Halbschalen haften mit speziellem Klebstoff auf &hellip; <a href=\"https:\/\/dr-nikolaus.de\/?page_id=168\">Weiterlesen <span class=\"meta-nav\">&rarr;<\/span><\/a><\/p>\n","protected":false},"author":2,"featured_media":0,"parent":38,"menu_order":2,"comment_status":"closed","ping_status":"open","template":"","meta":{"footnotes":""},"_links":{"self":[{"href":"https:\/\/dr-nikolaus.de\/index.php?rest_route=\/wp\/v2\/pages\/168"}],"collection":[{"href":"https:\/\/dr-nikolaus.de\/index.php?rest_route=\/wp\/v2\/pages"}],"about":[{"href":"https:\/\/dr-nikolaus.de\/index.php?rest_route=\/wp\/v2\/types\/page"}],"author":[{"embeddable":true,"href":"https:\/\/dr-nikolaus.de\/index.php?rest_route=\/wp\/v2\/users\/2"}],"replies":[{"embeddable":true,"href":"https:\/\/dr-nikolaus.de\/index.php?rest_route=%2Fwp%2Fv2%2Fcomments&post=168"}],"version-history":[{"count":33,"href":"https:\/\/dr-nikolaus.de\/index.php?rest_route=\/wp\/v2\/pages\/168\/revisions"}],"predecessor-version":[{"id":1624,"href":"https:\/\/dr-nikolaus.de\/index.php?rest_route=\/wp\/v2\/pages\/168\/revisions\/1624"}],"up":[{"embeddable":true,"href":"https:\/\/dr-nikolaus.de\/index.php?rest_route=\/wp\/v2\/pages\/38"}],"wp:attachment":[{"href":"https:\/\/dr-nikolaus.de\/index.php?rest_route=%2Fwp%2Fv2%2Fmedia&parent=168"}],"curies":[{"name":"wp","href":"https:\/\/api.w.org\/{rel}","templated":true}]}}