{"id":173,"date":"2011-02-06T13:00:12","date_gmt":"2011-02-06T12:00:12","guid":{"rendered":"http:\/\/dr-nikolaus.de\/?page_id=173"},"modified":"2018-02-08T12:24:38","modified_gmt":"2018-02-08T11:24:38","slug":"wann-sollte-mein-kind-zum-ersten-mal-zum-zahnarzt","status":"publish","type":"page","link":"https:\/\/dr-nikolaus.de\/?page_id=173","title":{"rendered":"Wann sollte mein Kind zum ersten Mal zum Zahnarzt?"},"content":{"rendered":"<p style=\"text-align: justify;\"><span style=\"color: #000000;\">Sobald die ersten Milchz\u00e4hne durchbrechen sollten Sie einen ersten Zahnarztbesuch vereinbaren und sich dabei auch \u00fcber die Pflege der Milchz\u00e4hne informieren lassen. Auf diese Weise haben wir die M\u00f6glichkeit, die gesunde Zahnentwicklung Ihres Kindes zu kontrollieren. Sp\u00e4testens im Alter von zwei bis drei Jahren sind halbj\u00e4hrliche Kontrolltermine empfehlenswert.<br \/>\n<\/span><span style=\"color: #000000;\">Neben der Kontrolle der Z\u00e4hne informieren wir Sie gerne \u00fcber den Fluoridbedarf von Kinderz\u00e4hnen, erkl\u00e4ren Ihnen, wie Sie Ihrem Kind am besten bei der Mundpflege helfen k\u00f6nnen und was Sie bei der Ern\u00e4hrung beachten sollten.<br \/>\n<\/span><span style=\"color: #000000;\">Sp\u00e4ter k\u00f6nnen wir ein individuell auf Ihr Kind zugeschnittenes Prophylaxeprogramm entwickeln, welches unter anderem die Erhebung von Mundhygieneindices, das spielerische Erlernen geeigneter Putztechniken, sowie die Fluoridierung der Z\u00e4hne oder Fissurenversiegelung beinhaltet.<\/span><\/p>\n<p>&nbsp;<\/p>\n<p><span style=\"color: #ffffff;\">Zahnarzt Bad S\u00e4ckingen<\/span><br \/>\n<span style=\"color: #ffffff;\">Bad S\u00e4ckingen Zahnarzt<\/span><\/p>\n<p style=\"text-align: justify;\"><span style=\"color: #ffffff;\">Zahnarzt Bad S\u00e4ckingen Bad S\u00e4ckingen Zahnarzt<\/span><\/p>\n","protected":false},"excerpt":{"rendered":"<p>Sobald die ersten Milchz\u00e4hne durchbrechen sollten Sie einen ersten Zahnarztbesuch vereinbaren und sich dabei auch \u00fcber die Pflege der Milchz\u00e4hne informieren lassen. Auf diese Weise haben wir die M\u00f6glichkeit, die gesunde Zahnentwicklung Ihres Kindes zu kontrollieren. Sp\u00e4testens im Alter von &hellip; <a href=\"https:\/\/dr-nikolaus.de\/?page_id=173\">Weiterlesen <span class=\"meta-nav\">&rarr;<\/span><\/a><\/p>\n","protected":false},"author":2,"featured_media":0,"parent":40,"menu_order":1,"comment_status":"closed","ping_status":"open","template":"","meta":{"footnotes":""},"_links":{"self":[{"href":"https:\/\/dr-nikolaus.de\/index.php?rest_route=\/wp\/v2\/pages\/173"}],"collection":[{"href":"https:\/\/dr-nikolaus.de\/index.php?rest_route=\/wp\/v2\/pages"}],"about":[{"href":"https:\/\/dr-nikolaus.de\/index.php?rest_route=\/wp\/v2\/types\/page"}],"author":[{"embeddable":true,"href":"https:\/\/dr-nikolaus.de\/index.php?rest_route=\/wp\/v2\/users\/2"}],"replies":[{"embeddable":true,"href":"https:\/\/dr-nikolaus.de\/index.php?rest_route=%2Fwp%2Fv2%2Fcomments&post=173"}],"version-history":[{"count":9,"href":"https:\/\/dr-nikolaus.de\/index.php?rest_route=\/wp\/v2\/pages\/173\/revisions"}],"predecessor-version":[{"id":1434,"href":"https:\/\/dr-nikolaus.de\/index.php?rest_route=\/wp\/v2\/pages\/173\/revisions\/1434"}],"up":[{"embeddable":true,"href":"https:\/\/dr-nikolaus.de\/index.php?rest_route=\/wp\/v2\/pages\/40"}],"wp:attachment":[{"href":"https:\/\/dr-nikolaus.de\/index.php?rest_route=%2Fwp%2Fv2%2Fmedia&parent=173"}],"curies":[{"name":"wp","href":"https:\/\/api.w.org\/{rel}","templated":true}]}}