{"id":175,"date":"2011-02-06T13:02:16","date_gmt":"2011-02-06T12:02:16","guid":{"rendered":"http:\/\/dr-nikolaus.de\/?page_id=175"},"modified":"2018-02-08T12:24:57","modified_gmt":"2018-02-08T11:24:57","slug":"fluoridierung","status":"publish","type":"page","link":"https:\/\/dr-nikolaus.de\/?page_id=175","title":{"rendered":"Fluoridierung"},"content":{"rendered":"<p style=\"text-align: justify;\"><span style=\"color: #000000;\">Durch die Fluoridierung erfolgt eine H\u00e4rtung des Zahnschmelzes und erh\u00f6ht hierdurch den Schutz\u00a0vor Karies<\/span><span style=\"color: #000000;\">. Durch diese Ma\u00dfnahme werden die Z\u00e4hne unempfindlicher gegen S\u00e4uren, wie sie beispielsweise von Kariesbakterien gebildet werden. Bei Kindern im Alter von 6 \u2013 17 Jahren wird diese Schutzma\u00dfnahme in der Regel von der gesetzlichen Krankenversicherung \u00fcbernommen. Bei privat versicherten Patienten kann dies auch f\u00fcr Erwachsene gelten (muss von Ihnen aber mit Ihrer Versicherung abgekl\u00e4rt werden).<\/span><\/p>\n<p>&nbsp;<\/p>\n<p><span style=\"color: #ffffff;\">Zahnarzt Bad S\u00e4ckingen<\/span><br \/>\n<span style=\"color: #ffffff;\">Bad S\u00e4ckingen Zahnarzt<\/span><\/p>\n","protected":false},"excerpt":{"rendered":"<p>Durch die Fluoridierung erfolgt eine H\u00e4rtung des Zahnschmelzes und erh\u00f6ht hierdurch den Schutz\u00a0vor Karies. Durch diese Ma\u00dfnahme werden die Z\u00e4hne unempfindlicher gegen S\u00e4uren, wie sie beispielsweise von Kariesbakterien gebildet werden. Bei Kindern im Alter von 6 \u2013 17 Jahren wird &hellip; <a href=\"https:\/\/dr-nikolaus.de\/?page_id=175\">Weiterlesen <span class=\"meta-nav\">&rarr;<\/span><\/a><\/p>\n","protected":false},"author":2,"featured_media":0,"parent":40,"menu_order":2,"comment_status":"closed","ping_status":"open","template":"","meta":{"footnotes":""},"_links":{"self":[{"href":"https:\/\/dr-nikolaus.de\/index.php?rest_route=\/wp\/v2\/pages\/175"}],"collection":[{"href":"https:\/\/dr-nikolaus.de\/index.php?rest_route=\/wp\/v2\/pages"}],"about":[{"href":"https:\/\/dr-nikolaus.de\/index.php?rest_route=\/wp\/v2\/types\/page"}],"author":[{"embeddable":true,"href":"https:\/\/dr-nikolaus.de\/index.php?rest_route=\/wp\/v2\/users\/2"}],"replies":[{"embeddable":true,"href":"https:\/\/dr-nikolaus.de\/index.php?rest_route=%2Fwp%2Fv2%2Fcomments&post=175"}],"version-history":[{"count":9,"href":"https:\/\/dr-nikolaus.de\/index.php?rest_route=\/wp\/v2\/pages\/175\/revisions"}],"predecessor-version":[{"id":1435,"href":"https:\/\/dr-nikolaus.de\/index.php?rest_route=\/wp\/v2\/pages\/175\/revisions\/1435"}],"up":[{"embeddable":true,"href":"https:\/\/dr-nikolaus.de\/index.php?rest_route=\/wp\/v2\/pages\/40"}],"wp:attachment":[{"href":"https:\/\/dr-nikolaus.de\/index.php?rest_route=%2Fwp%2Fv2%2Fmedia&parent=175"}],"curies":[{"name":"wp","href":"https:\/\/api.w.org\/{rel}","templated":true}]}}