{"id":179,"date":"2011-02-06T13:04:19","date_gmt":"2011-02-06T12:04:19","guid":{"rendered":"http:\/\/dr-nikolaus.de\/?page_id=179"},"modified":"2017-06-06T07:58:16","modified_gmt":"2017-06-06T06:58:16","slug":"tipps-vor-dem-zahnarztbesuch","status":"publish","type":"page","link":"https:\/\/dr-nikolaus.de\/?page_id=179","title":{"rendered":"Tipps vor dem Zahnarztbesuch"},"content":{"rendered":"<p style=\"text-align: justify;\"><span style=\"color: #000000;\">Sprechen Sie in Gegenwart Ihres Kindes bitte nicht \u00fcber eventuelle negative Erfahrungen, die Sie bei einem Zahnarztbesuch gemacht haben. Von Ihnen unbeabsichtigt kann es sein, dass Ihr Kind die negativen Erfahrungen aufnimmt und sie vorab auf den Zahnarztbesuch \u00fcbertr\u00e4gt \u2013 auch wenn es selbst bisher noch nie Zahnschmerzen oder unangenehme Erlebnisse beim Zahnarzt hatte.<br \/>\nJe weniger Angst und je mehr Sicherheit Sie selbst ausstrahlen, desto entspannter wird auch Ihr Kind mit der noch ungewohnten Situation umgehen. Vermeiden Sie m\u00f6glichst Aussagen wie z.B. \u201eEs wird gar nicht weh tun\u201c. Durch solche Schl\u00fcsselworte werden Kinder m\u00f6glicherweise erst auf die Idee gebracht, dass ein Zahnarztbesuch mit Schmerzen verbunden sein k\u00f6nnte.<\/span><\/p>\n<p style=\"text-align: justify;\">\n<p style=\"text-align: justify;\"><span style=\"color: #ffffff;\">Zahnarzt Bad S\u00e4ckingen Bad S\u00e4ckingen Zahnarzt<\/span><\/p>\n","protected":false},"excerpt":{"rendered":"<p>Sprechen Sie in Gegenwart Ihres Kindes bitte nicht \u00fcber eventuelle negative Erfahrungen, die Sie bei einem Zahnarztbesuch gemacht haben. Von Ihnen unbeabsichtigt kann es sein, dass Ihr Kind die negativen Erfahrungen aufnimmt und sie vorab auf den Zahnarztbesuch \u00fcbertr\u00e4gt \u2013 &hellip; <a href=\"https:\/\/dr-nikolaus.de\/?page_id=179\">Weiterlesen <span class=\"meta-nav\">&rarr;<\/span><\/a><\/p>\n","protected":false},"author":2,"featured_media":0,"parent":40,"menu_order":4,"comment_status":"closed","ping_status":"open","template":"","meta":{"footnotes":""},"_links":{"self":[{"href":"https:\/\/dr-nikolaus.de\/index.php?rest_route=\/wp\/v2\/pages\/179"}],"collection":[{"href":"https:\/\/dr-nikolaus.de\/index.php?rest_route=\/wp\/v2\/pages"}],"about":[{"href":"https:\/\/dr-nikolaus.de\/index.php?rest_route=\/wp\/v2\/types\/page"}],"author":[{"embeddable":true,"href":"https:\/\/dr-nikolaus.de\/index.php?rest_route=\/wp\/v2\/users\/2"}],"replies":[{"embeddable":true,"href":"https:\/\/dr-nikolaus.de\/index.php?rest_route=%2Fwp%2Fv2%2Fcomments&post=179"}],"version-history":[{"count":6,"href":"https:\/\/dr-nikolaus.de\/index.php?rest_route=\/wp\/v2\/pages\/179\/revisions"}],"predecessor-version":[{"id":1389,"href":"https:\/\/dr-nikolaus.de\/index.php?rest_route=\/wp\/v2\/pages\/179\/revisions\/1389"}],"up":[{"embeddable":true,"href":"https:\/\/dr-nikolaus.de\/index.php?rest_route=\/wp\/v2\/pages\/40"}],"wp:attachment":[{"href":"https:\/\/dr-nikolaus.de\/index.php?rest_route=%2Fwp%2Fv2%2Fmedia&parent=179"}],"curies":[{"name":"wp","href":"https:\/\/api.w.org\/{rel}","templated":true}]}}