{"id":190,"date":"2011-02-06T13:25:06","date_gmt":"2011-02-06T12:25:06","guid":{"rendered":"http:\/\/dr-nikolaus.de\/?page_id=190"},"modified":"2022-06-23T07:58:26","modified_gmt":"2022-06-23T06:58:26","slug":"teilkronen","status":"publish","type":"page","link":"https:\/\/dr-nikolaus.de\/?page_id=190","title":{"rendered":"Teilkronen"},"content":{"rendered":"<p style=\"text-align: justify;\"><span style=\"color: #000000;\">Eine Teilkrone ist die Vorstufe zur kompletten Krone. Dies bedeutet, dass der Zahn bereits schon zu stark gesch\u00e4digt ist, als dass er noch mit einer F\u00fcllung versorgt werden k\u00f6nnte. Oft sind gro\u00dfe Teile der Kaufl\u00e4chen oder die Seiten der Z\u00e4hne zerst\u00f6rt. Teilkronen k\u00f6nnen dann entweder aus Gold oder aus Keramik hergestellt werden.<br \/>\nDer Vorteil einer Keramik-Teilkrone ist hierbei nat\u00fcrlich die bessere \u00c4sthetik. Von au\u00dfen ist sie dann kaum noch zu erkennen.<\/span><\/p>\n<p><span style=\"color: #000000;\">\u00a0 \u00a0<\/span><\/p>\n<p><span style=\"color: #ffffff;\">Zahnarzt Bad S\u00e4ckingen Bad S\u00e4ckingen Zahnarzt<\/span><\/p>\n","protected":false},"excerpt":{"rendered":"<p>Eine Teilkrone ist die Vorstufe zur kompletten Krone. Dies bedeutet, dass der Zahn bereits schon zu stark gesch\u00e4digt ist, als dass er noch mit einer F\u00fcllung versorgt werden k\u00f6nnte. Oft sind gro\u00dfe Teile der Kaufl\u00e4chen oder die Seiten der Z\u00e4hne &hellip; <a href=\"https:\/\/dr-nikolaus.de\/?page_id=190\">Weiterlesen <span class=\"meta-nav\">&rarr;<\/span><\/a><\/p>\n","protected":false},"author":2,"featured_media":0,"parent":49,"menu_order":1,"comment_status":"closed","ping_status":"open","template":"","meta":{"footnotes":""},"_links":{"self":[{"href":"https:\/\/dr-nikolaus.de\/index.php?rest_route=\/wp\/v2\/pages\/190"}],"collection":[{"href":"https:\/\/dr-nikolaus.de\/index.php?rest_route=\/wp\/v2\/pages"}],"about":[{"href":"https:\/\/dr-nikolaus.de\/index.php?rest_route=\/wp\/v2\/types\/page"}],"author":[{"embeddable":true,"href":"https:\/\/dr-nikolaus.de\/index.php?rest_route=\/wp\/v2\/users\/2"}],"replies":[{"embeddable":true,"href":"https:\/\/dr-nikolaus.de\/index.php?rest_route=%2Fwp%2Fv2%2Fcomments&post=190"}],"version-history":[{"count":10,"href":"https:\/\/dr-nikolaus.de\/index.php?rest_route=\/wp\/v2\/pages\/190\/revisions"}],"predecessor-version":[{"id":1626,"href":"https:\/\/dr-nikolaus.de\/index.php?rest_route=\/wp\/v2\/pages\/190\/revisions\/1626"}],"up":[{"embeddable":true,"href":"https:\/\/dr-nikolaus.de\/index.php?rest_route=\/wp\/v2\/pages\/49"}],"wp:attachment":[{"href":"https:\/\/dr-nikolaus.de\/index.php?rest_route=%2Fwp%2Fv2%2Fmedia&parent=190"}],"curies":[{"name":"wp","href":"https:\/\/api.w.org\/{rel}","templated":true}]}}