{"id":199,"date":"2011-02-06T13:51:47","date_gmt":"2011-02-06T12:51:47","guid":{"rendered":"http:\/\/dr-nikolaus.de\/?page_id=199"},"modified":"2022-06-23T07:59:54","modified_gmt":"2022-06-23T06:59:54","slug":"totalprothesen","status":"publish","type":"page","link":"https:\/\/dr-nikolaus.de\/?page_id=199","title":{"rendered":"Totalprothesen"},"content":{"rendered":"<p style=\"text-align: justify;\">Auch ein zahnloser Kiefer ist kein hoffnungsloser Fall. Viele Patienten k\u00f6nnen mit gut sitzenden Totalprothesen beschwerdefrei sprechen und essen. Sollten die Kieferverh\u00e4ltnisse einen guten Halt nicht mehr gew\u00e4hrleisten, kann auch hier mit Implantaten unterst\u00fctzend weitergeholfen werden.<\/p>\n<p style=\"text-align: justify;\">\n","protected":false},"excerpt":{"rendered":"<p>Auch ein zahnloser Kiefer ist kein hoffnungsloser Fall. Viele Patienten k\u00f6nnen mit gut sitzenden Totalprothesen beschwerdefrei sprechen und essen. Sollten die Kieferverh\u00e4ltnisse einen guten Halt nicht mehr gew\u00e4hrleisten, kann auch hier mit Implantaten unterst\u00fctzend weitergeholfen werden.<\/p>\n","protected":false},"author":2,"featured_media":0,"parent":49,"menu_order":5,"comment_status":"closed","ping_status":"open","template":"","meta":{"footnotes":""},"_links":{"self":[{"href":"https:\/\/dr-nikolaus.de\/index.php?rest_route=\/wp\/v2\/pages\/199"}],"collection":[{"href":"https:\/\/dr-nikolaus.de\/index.php?rest_route=\/wp\/v2\/pages"}],"about":[{"href":"https:\/\/dr-nikolaus.de\/index.php?rest_route=\/wp\/v2\/types\/page"}],"author":[{"embeddable":true,"href":"https:\/\/dr-nikolaus.de\/index.php?rest_route=\/wp\/v2\/users\/2"}],"replies":[{"embeddable":true,"href":"https:\/\/dr-nikolaus.de\/index.php?rest_route=%2Fwp%2Fv2%2Fcomments&post=199"}],"version-history":[{"count":6,"href":"https:\/\/dr-nikolaus.de\/index.php?rest_route=\/wp\/v2\/pages\/199\/revisions"}],"predecessor-version":[{"id":1629,"href":"https:\/\/dr-nikolaus.de\/index.php?rest_route=\/wp\/v2\/pages\/199\/revisions\/1629"}],"up":[{"embeddable":true,"href":"https:\/\/dr-nikolaus.de\/index.php?rest_route=\/wp\/v2\/pages\/49"}],"wp:attachment":[{"href":"https:\/\/dr-nikolaus.de\/index.php?rest_route=%2Fwp%2Fv2%2Fmedia&parent=199"}],"curies":[{"name":"wp","href":"https:\/\/api.w.org\/{rel}","templated":true}]}}