{"id":2,"date":"2010-12-22T13:20:49","date_gmt":"2010-12-22T13:20:49","guid":{"rendered":"http:\/\/dr-nikolaus.de\/?page_id=2"},"modified":"2023-06-15T11:38:24","modified_gmt":"2023-06-15T10:38:24","slug":"eine-seite","status":"publish","type":"page","link":"https:\/\/dr-nikolaus.de\/","title":{"rendered":"Herzlich willkommen"},"content":{"rendered":"<p><strong>Liebe Patientinnen und Patienten,<\/strong><\/p>\n<p>Wir freuen uns, Sie\u00a0\u00fcber unser Praxiskonzept und unser Team,\u00a0welches dahinter steht, informieren zu d\u00fcrfen.<\/p>\n<p><img loading=\"lazy\" decoding=\"async\" class=\"alignnone size-large wp-image-1636\" src=\"https:\/\/dr-nikolaus.de\/wp-content\/uploads\/2023\/06\/Team-2023-1024x792.jpg\" alt=\"\" width=\"640\" height=\"495\" srcset=\"https:\/\/dr-nikolaus.de\/wp-content\/uploads\/2023\/06\/Team-2023-1024x792.jpg 1024w, https:\/\/dr-nikolaus.de\/wp-content\/uploads\/2023\/06\/Team-2023-300x232.jpg 300w, https:\/\/dr-nikolaus.de\/wp-content\/uploads\/2023\/06\/Team-2023-768x594.jpg 768w, https:\/\/dr-nikolaus.de\/wp-content\/uploads\/2023\/06\/Team-2023-1536x1187.jpg 1536w, https:\/\/dr-nikolaus.de\/wp-content\/uploads\/2023\/06\/Team-2023-2048x1583.jpg 2048w\" sizes=\"(max-width: 640px) 100vw, 640px\" \/><\/p>\n<p><span style=\"color: #000000;\">In unserer Zahnarztpraxis in Bad S\u00e4ckingen bieten wir Ihnen Behandlungsmethoden auf dem aktuellen Stand der modernen Zahnheilkunde.<\/span><\/p>\n<p style=\"margin: 0cm 0cm 0pt;\"><span style=\"color: #000000;\">Ihre Zahngesundheit ist uns wichtig. Damit Sie sich lange an gesunden Z\u00e4hnen erfreuen k\u00f6nnen, beraten und behandeln wir Sie mit unserem gesamten zahnmedizinischen K\u00f6nnen.<\/span><\/p>\n<p><span style=\"color: #000000;\">Wir wollen, dass Sie sich bei uns gut aufgehoben f\u00fchlen. F\u00fcr uns ist daher eine sorgf\u00e4ltige Behandlung in entspannter Atmosph\u00e4re selbstverst\u00e4ndlich.<\/span><\/p>\n<p><span style=\"color: #000000;\">Ihr Zahnarzt<\/span><\/p>\n<p><span style=\"color: #000000;\">Dr. Frank Nikolaus<br \/>\n<span style=\"color: #ffffff;\">Zahnarzt Bad S\u00e4ckingen<br \/>\nBad S\u00e4ckingen Zahnarzt\u00a0\u00a0\u00a0\u00a0 .<\/span><\/span><\/p>\n","protected":false},"excerpt":{"rendered":"<p>Liebe Patientinnen und Patienten, Wir freuen uns, Sie\u00a0\u00fcber unser Praxiskonzept und unser Team,\u00a0welches dahinter steht, informieren zu d\u00fcrfen. In unserer Zahnarztpraxis in Bad S\u00e4ckingen bieten wir Ihnen Behandlungsmethoden auf dem aktuellen Stand der modernen Zahnheilkunde. Ihre Zahngesundheit ist uns wichtig. &hellip; <a href=\"https:\/\/dr-nikolaus.de\/\">Weiterlesen <span class=\"meta-nav\">&rarr;<\/span><\/a><\/p>\n","protected":false},"author":3,"featured_media":0,"parent":0,"menu_order":1,"comment_status":"closed","ping_status":"open","template":"onecolumn-page.php","meta":{"footnotes":""},"_links":{"self":[{"href":"https:\/\/dr-nikolaus.de\/index.php?rest_route=\/wp\/v2\/pages\/2"}],"collection":[{"href":"https:\/\/dr-nikolaus.de\/index.php?rest_route=\/wp\/v2\/pages"}],"about":[{"href":"https:\/\/dr-nikolaus.de\/index.php?rest_route=\/wp\/v2\/types\/page"}],"author":[{"embeddable":true,"href":"https:\/\/dr-nikolaus.de\/index.php?rest_route=\/wp\/v2\/users\/3"}],"replies":[{"embeddable":true,"href":"https:\/\/dr-nikolaus.de\/index.php?rest_route=%2Fwp%2Fv2%2Fcomments&post=2"}],"version-history":[{"count":194,"href":"https:\/\/dr-nikolaus.de\/index.php?rest_route=\/wp\/v2\/pages\/2\/revisions"}],"predecessor-version":[{"id":1637,"href":"https:\/\/dr-nikolaus.de\/index.php?rest_route=\/wp\/v2\/pages\/2\/revisions\/1637"}],"wp:attachment":[{"href":"https:\/\/dr-nikolaus.de\/index.php?rest_route=%2Fwp%2Fv2%2Fmedia&parent=2"}],"curies":[{"name":"wp","href":"https:\/\/api.w.org\/{rel}","templated":true}]}}