{"id":208,"date":"2011-02-06T14:19:08","date_gmt":"2011-02-06T13:19:08","guid":{"rendered":"http:\/\/dr-nikolaus.de\/?page_id=208"},"modified":"2011-02-06T17:25:44","modified_gmt":"2011-02-06T16:25:44","slug":"wann-konnen-implantate-eingesetzt-werden","status":"publish","type":"page","link":"https:\/\/dr-nikolaus.de\/?page_id=208","title":{"rendered":"Wann k\u00f6nnen Implantate eingesetzt werden?"},"content":{"rendered":"<p style=\"text-align: justify;\"><span style=\"color: #000000;\">Implantate eignen sich:<br \/>\n<\/span><span style=\"color: #000000;\">\u00a0&#8211; <\/span><span style=\"color: #000000;\">zum Ersatz von Einzelz\u00e4hnen<br \/>\n&#8211; <\/span><span style=\"color: #000000;\">zum Ersatz mehrerer Z\u00e4hne<br \/>\n&#8211; <\/span><span style=\"color: #000000;\">zum Ersatz des gesamten Gebisses<\/span><\/p>\n<p style=\"text-align: justify;\"><span style=\"color: #000000;\"><strong>Ersatz von Einzelz\u00e4hnen<br \/>\n<\/strong><\/span><span style=\"color: #000000;\">Ein fehlender Zahn sollte in jedem Fall bald ersetzt werden. Andernfalls kann sich dies negativ auf die anderen Z\u00e4hne aus\u00fcben. Zum einen k\u00f6nnen sich benachbarte Z\u00e4hne in die entstandene L\u00fccke hineinschieben. Zum anderen droht der gegen\u00fcber liegende Zahn im Ober- bzw. Unterkiefer herauszuwachsen (Elongation), wenn der n\u00f6tige Gegendruck durch seinen Gegenzahn fehlt.<br \/>\n<\/span><span style=\"color: #000000;\">Wird eine Zahnl\u00fccke mit herk\u00f6mmlichem Zahnersatz wie Br\u00fccken geschlossen, m\u00fcssen immer Nachbarz\u00e4hne als Pfeiler beschliffen und somit gesch\u00e4digt werden. Nicht so bei Implantaten: In der Regel kann jeder einzelne Zahn, der verloren ist, durch einen einzelnen k\u00fcnstlichen Zahn ersetzt werden, ohne einen Nachbarzahn mit einzubeziehen.<\/span><\/p>\n<p style=\"text-align: justify;\"><span style=\"color: #000000;\"><strong>Ersatz mehrerer Z\u00e4hne<br \/>\n<\/strong><\/span><span style=\"color: #000000;\">Fehlen mehrere Z\u00e4hne nebeneinander, bietet die Implantatbehandlung zwei M\u00f6glichkeiten: Entweder kann die L\u00fccke mit mehreren implantatgetragenen Einzelkronen oder mit einer implantatgetragenen Br\u00fccke geschlossen werden.<\/span><\/p>\n<p style=\"text-align: justify;\"><span style=\"color: #000000;\"><strong>Ersatz des gesamten Gebisses<br \/>\n<\/strong><\/span><span style=\"color: #000000;\">Selbst wenn der Kiefer v\u00f6llig zahnlos ist, k\u00f6nnen Implantate eingesetzt werden. H\u00e4ufig tragen Patienten dann Vollprothesen, die lediglich durch Haftmittel oder Saugkr\u00e4fte am Kiefer gehalten werden. Ein besserer Halt kann mit implantatgest\u00fctzte Prothesen erreicht werden, weil sie durch die k\u00fcnstlichen Zahnwurzeln fest mit dem Kieferknochen verbunden sind.<br \/>\n<\/span><span style=\"color: #000000;\">Dabei muss nicht f\u00fcr jeden fehlenden Zahn ein Implantat eingef\u00fcgt werden. Die Zahl der k\u00fcnstlichen Wurzeln sollte jedoch ausreichen, um eine Vollprothese zu tragen. Die Prothese kann entweder dauerhaft auf den Implantaten verankert sein oder \u00fcber verankerte Konstruktionen herausnehmbar gestaltet werden. Festen Halt bieten implantatgetragene Prothesen in beiden F\u00e4llen.<\/span><\/p>\n","protected":false},"excerpt":{"rendered":"<p>Implantate eignen sich: \u00a0&#8211; zum Ersatz von Einzelz\u00e4hnen &#8211; zum Ersatz mehrerer Z\u00e4hne &#8211; zum Ersatz des gesamten Gebisses Ersatz von Einzelz\u00e4hnen Ein fehlender Zahn sollte in jedem Fall bald ersetzt werden. Andernfalls kann sich dies negativ auf die anderen &hellip; <a href=\"https:\/\/dr-nikolaus.de\/?page_id=208\">Weiterlesen <span class=\"meta-nav\">&rarr;<\/span><\/a><\/p>\n","protected":false},"author":2,"featured_media":0,"parent":51,"menu_order":2,"comment_status":"closed","ping_status":"open","template":"","meta":{"footnotes":""},"_links":{"self":[{"href":"https:\/\/dr-nikolaus.de\/index.php?rest_route=\/wp\/v2\/pages\/208"}],"collection":[{"href":"https:\/\/dr-nikolaus.de\/index.php?rest_route=\/wp\/v2\/pages"}],"about":[{"href":"https:\/\/dr-nikolaus.de\/index.php?rest_route=\/wp\/v2\/types\/page"}],"author":[{"embeddable":true,"href":"https:\/\/dr-nikolaus.de\/index.php?rest_route=\/wp\/v2\/users\/2"}],"replies":[{"embeddable":true,"href":"https:\/\/dr-nikolaus.de\/index.php?rest_route=%2Fwp%2Fv2%2Fcomments&post=208"}],"version-history":[{"count":4,"href":"https:\/\/dr-nikolaus.de\/index.php?rest_route=\/wp\/v2\/pages\/208\/revisions"}],"predecessor-version":[{"id":546,"href":"https:\/\/dr-nikolaus.de\/index.php?rest_route=\/wp\/v2\/pages\/208\/revisions\/546"}],"up":[{"embeddable":true,"href":"https:\/\/dr-nikolaus.de\/index.php?rest_route=\/wp\/v2\/pages\/51"}],"wp:attachment":[{"href":"https:\/\/dr-nikolaus.de\/index.php?rest_route=%2Fwp%2Fv2%2Fmedia&parent=208"}],"curies":[{"name":"wp","href":"https:\/\/api.w.org\/{rel}","templated":true}]}}