{"id":33,"date":"2011-01-06T14:07:13","date_gmt":"2011-01-06T14:07:13","guid":{"rendered":"http:\/\/dr-nikolaus.de\/?page_id=33"},"modified":"2017-03-22T12:23:44","modified_gmt":"2017-03-22T11:23:44","slug":"prophylaxe","status":"publish","type":"page","link":"https:\/\/dr-nikolaus.de\/?page_id=33","title":{"rendered":"Prophylaxe"},"content":{"rendered":"<p><span style=\"color: #000000;\">Wir haben uns zum Ziel gesetzt eine Zahnheilkunde zu praktizieren, die prim\u00e4r darauf ausgerichtet ist, Zahnsch\u00e4den durch vorbeugende Ma\u00dfnahmen zu verhindern.\u00a0Daherumfasst unser Prophylaxeprogramm 3 S\u00e4ulen:<\/span><\/p>\n<p><span style=\"color: #000000;\"><strong><a href=\"http:\/\/dr-nikolaus.de\/?page_id=112\" target=\"_self\">S\u00e4ule 1: Optimierung der pers\u00f6nlichen Zahnpflege, Erhebung des Mundhygienestatus, individuelle Risikofaktoren<\/a><\/strong><\/span><\/p>\n<p><strong><span style=\"color: #000000;\"><a href=\"http:\/\/dr-nikolaus.de\/?page_id=141\" target=\"_self\">S\u00e4ule 2: Professionelle Zahnreinigung<\/a><\/span><\/strong><\/p>\n<p><strong><span style=\"color: #000000;\"><a href=\"http:\/\/dr-nikolaus.de\/?page_id=146\" target=\"_self\">S\u00e4ule 3: Recall (Nachsorge)<\/a><\/span><\/strong><\/p>\n<p>&nbsp;<\/p>\n<p>&nbsp;<\/p>\n<p>&nbsp;<\/p>\n<p><span style=\"color: #ffffff;\">Zahnarzt Bad S\u00e4ckingen<br \/>\nBad S\u00e4ckingen Zahnarzt\u00a0\u00a0\u00a0\u00a0 <\/span><\/p>\n","protected":false},"excerpt":{"rendered":"<p>Wir haben uns zum Ziel gesetzt eine Zahnheilkunde zu praktizieren, die prim\u00e4r darauf ausgerichtet ist, Zahnsch\u00e4den durch vorbeugende Ma\u00dfnahmen zu verhindern.\u00a0Daherumfasst unser Prophylaxeprogramm 3 S\u00e4ulen: S\u00e4ule 1: Optimierung der pers\u00f6nlichen Zahnpflege, Erhebung des Mundhygienestatus, individuelle Risikofaktoren S\u00e4ule 2: Professionelle Zahnreinigung &hellip; <a href=\"https:\/\/dr-nikolaus.de\/?page_id=33\">Weiterlesen <span class=\"meta-nav\">&rarr;<\/span><\/a><\/p>\n","protected":false},"author":2,"featured_media":0,"parent":21,"menu_order":1,"comment_status":"closed","ping_status":"open","template":"","meta":{"footnotes":""},"_links":{"self":[{"href":"https:\/\/dr-nikolaus.de\/index.php?rest_route=\/wp\/v2\/pages\/33"}],"collection":[{"href":"https:\/\/dr-nikolaus.de\/index.php?rest_route=\/wp\/v2\/pages"}],"about":[{"href":"https:\/\/dr-nikolaus.de\/index.php?rest_route=\/wp\/v2\/types\/page"}],"author":[{"embeddable":true,"href":"https:\/\/dr-nikolaus.de\/index.php?rest_route=\/wp\/v2\/users\/2"}],"replies":[{"embeddable":true,"href":"https:\/\/dr-nikolaus.de\/index.php?rest_route=%2Fwp%2Fv2%2Fcomments&post=33"}],"version-history":[{"count":15,"href":"https:\/\/dr-nikolaus.de\/index.php?rest_route=\/wp\/v2\/pages\/33\/revisions"}],"predecessor-version":[{"id":1364,"href":"https:\/\/dr-nikolaus.de\/index.php?rest_route=\/wp\/v2\/pages\/33\/revisions\/1364"}],"up":[{"embeddable":true,"href":"https:\/\/dr-nikolaus.de\/index.php?rest_route=\/wp\/v2\/pages\/21"}],"wp:attachment":[{"href":"https:\/\/dr-nikolaus.de\/index.php?rest_route=%2Fwp%2Fv2%2Fmedia&parent=33"}],"curies":[{"name":"wp","href":"https:\/\/api.w.org\/{rel}","templated":true}]}}