{"id":43,"date":"2011-01-06T14:18:32","date_gmt":"2011-01-06T14:18:32","guid":{"rendered":"http:\/\/dr-nikolaus.de\/?page_id=43"},"modified":"2017-06-06T07:58:36","modified_gmt":"2017-06-06T06:58:36","slug":"endodontologie","status":"publish","type":"page","link":"https:\/\/dr-nikolaus.de\/?page_id=43","title":{"rendered":"Endodontologie"},"content":{"rendered":"<p style=\"text-align: justify;\"><span style=\"color: #000000;\">Als <strong>\u201cEndodontologie\u201d<\/strong> wird die <strong>Lehre vom \u201cInneren des Zahnes\u201d<\/strong> bezeichnet. Bei der <strong>Wurzelkanalbehandlung<\/strong> geht es um den Erhalt von Z\u00e4hnen, deren Zahnnerv entz\u00fcndet ist.<br \/>\n<\/span><span style=\"color: #000000;\">Die Behandlung kann dann notwendig werden, wenn der Nerv durch eine tiefreichende Karies<\/span><span style=\"color: #000000;\">, durch Bakterien oder durch eine Entz\u00fcndung erkrankt ist und daher entfernt werden muss. Das Ziel einer Wurzelkanalbehandlung ist die Entfernung von Bakterien und restlichem Nervengewebe aus dem Kanal, die anschlie\u00dfende Reinigung und Desinfektion sowie das F\u00fcllen des Hohlraumes mit einem geeigneten F\u00fcllmaterial. Hierdurch soll eine Ausbreitung der Entz\u00fcndung und ein \u00dcbertreten in den Kieferknochen verhindert werden.<br \/>\nUm die Wurzelkan\u00e4le zu reinigen werden feine Feilen ben\u00f6tigt, die entweder per Hand oder maschinell unterst\u00fctzt im Kanal auf und ab bewegt werden und diesen dadurch reinigen und erweitern.<br \/>\n<\/span><span style=\"color: #000000;\">W\u00e4hrend und nach einer Wurzelkanalbehandlung werden verschiedene R\u00f6ntgenaufnahmen gefertigt, um den Behandlungsverlauf und den Erfolg zu kontrollieren und zu dokumentieren.<br \/>\n<\/span><span style=\"color: #000000;\">Die Wurzelkanalbehandlung ist oft die letzte M\u00f6glichkeit, einen stark entz\u00fcndeten Zahn zu erhalten, der sonst entfernt werden m\u00fcsste. Sie kann allerdings immer nur ein Versuch bleiben einen Zahn zu erhalten. Allerdings sind die Erfolgsraten dieser Behandlung inzwischen sehr hoch.<\/span><\/p>\n<p style=\"text-align: justify;\"><span style=\"color: #000000;\"><span style=\"color: #888888;\"><span style=\"color: #000000;\"><a href=\"http:\/\/dr-nikolaus.de\/wp-content\/uploads\/2011\/01\/Wurzelbehandlung.jpg\" rel=\"lightbox[43]\"><img loading=\"lazy\" decoding=\"async\" class=\"alignnone size-medium wp-image-286\" title=\"Wurzelbehandlung\" src=\"http:\/\/dr-nikolaus.de\/wp-content\/uploads\/2011\/01\/Wurzelbehandlung-300x142.jpg\" alt=\"\" width=\"300\" height=\"142\" \/><\/a><\/span><\/span><\/span><span style=\"color: #000000;\"><span style=\"color: #888888;\"><br \/>\nBildquelle: <\/span><a href=\"http:\/\/commons.wikimedia.org\"><span style=\"color: #888888;\">http:\/\/commons.wikimedia.org<\/span><\/a><\/span><\/p>\n<p style=\"text-align: justify;\">\n<p style=\"text-align: justify;\"><span style=\"color: #ffffff;\">Zahnarzt Bad S\u00e4ckingen Bad S\u00e4ckingen Zahnarzt<\/span><\/p>\n","protected":false},"excerpt":{"rendered":"<p>Als \u201cEndodontologie\u201d wird die Lehre vom \u201cInneren des Zahnes\u201d bezeichnet. Bei der Wurzelkanalbehandlung geht es um den Erhalt von Z\u00e4hnen, deren Zahnnerv entz\u00fcndet ist. Die Behandlung kann dann notwendig werden, wenn der Nerv durch eine tiefreichende Karies, durch Bakterien oder &hellip; <a href=\"https:\/\/dr-nikolaus.de\/?page_id=43\">Weiterlesen <span class=\"meta-nav\">&rarr;<\/span><\/a><\/p>\n","protected":false},"author":2,"featured_media":0,"parent":21,"menu_order":5,"comment_status":"closed","ping_status":"open","template":"","meta":{"footnotes":""},"_links":{"self":[{"href":"https:\/\/dr-nikolaus.de\/index.php?rest_route=\/wp\/v2\/pages\/43"}],"collection":[{"href":"https:\/\/dr-nikolaus.de\/index.php?rest_route=\/wp\/v2\/pages"}],"about":[{"href":"https:\/\/dr-nikolaus.de\/index.php?rest_route=\/wp\/v2\/types\/page"}],"author":[{"embeddable":true,"href":"https:\/\/dr-nikolaus.de\/index.php?rest_route=\/wp\/v2\/users\/2"}],"replies":[{"embeddable":true,"href":"https:\/\/dr-nikolaus.de\/index.php?rest_route=%2Fwp%2Fv2%2Fcomments&post=43"}],"version-history":[{"count":20,"href":"https:\/\/dr-nikolaus.de\/index.php?rest_route=\/wp\/v2\/pages\/43\/revisions"}],"predecessor-version":[{"id":1390,"href":"https:\/\/dr-nikolaus.de\/index.php?rest_route=\/wp\/v2\/pages\/43\/revisions\/1390"}],"up":[{"embeddable":true,"href":"https:\/\/dr-nikolaus.de\/index.php?rest_route=\/wp\/v2\/pages\/21"}],"wp:attachment":[{"href":"https:\/\/dr-nikolaus.de\/index.php?rest_route=%2Fwp%2Fv2%2Fmedia&parent=43"}],"curies":[{"name":"wp","href":"https:\/\/api.w.org\/{rel}","templated":true}]}}