{"id":45,"date":"2011-01-06T14:19:39","date_gmt":"2011-01-06T14:19:39","guid":{"rendered":"http:\/\/dr-nikolaus.de\/?page_id=45"},"modified":"2011-03-24T18:38:22","modified_gmt":"2011-03-24T17:38:22","slug":"fullungen-inlays","status":"publish","type":"page","link":"https:\/\/dr-nikolaus.de\/?page_id=45","title":{"rendered":"F\u00fcllungen \/ Inlays"},"content":{"rendered":"<p style=\"text-align: justify;\"><span style=\"color: #000000;\">Wenn Karies den Zahn angegriffen und L\u00f6cher hervorgerufen hat, kann man mit F\u00fcllungen Abhilfe schaffen. Zun\u00e4chst muss der Zahn vollst\u00e4ndig von der Karies befreit werden. In unserer Praxis verwenden wir zus\u00e4tzlich zur optischen und taktilen Kontrolle einen so genannten <strong>\u201eKariesdetektor\u201c<\/strong>. Hierbei handelt es sich um eine Fl\u00fcssigkeit, die nachdem sie auf den Zahn aufgetragen wurde, noch erkrankte Anteile der Zahnhartsubstanz farblich hervorhebt. Somit kann sichergestellt werden, dass der Zahn vor dem Legen einer F\u00fcllung absolut kariesfrei ist. <\/span><span style=\"color: #000000;\">Z\u00e4hne k\u00f6nnen auf verschiedene Arten wieder restauriert werden. Eine kosteng\u00fcnstige und \u00e4sthetisch zufrieden stellende Methode, die vor allem bei kleineren Zahnsch\u00e4den und im vorderen Zahnbereich zur Anwendung kommt, stellt die <strong>Kompositf\u00fcllung (Kunststofff\u00fcllung)<\/strong> dar. Komposite sind hochmoderne und sehr feste Kunststoffe, die durch die Beimischung von Glas-, Quarz- oder Keramikpartikeln modifiziert wurden. Sie werden mit der so genannten Adh\u00e4sivmethode, einer Klebetechnik, im vorbereiteten Zahn befestigt. Ein Vorteil ist, dass sie sich farblich kaum von der umliegenden, nat\u00fcrlichen Zahnsubstanz unterscheiden.<\/span>\u00a0\u00a0\u00a0\u00a0\u00a0\u00a0\u00a0\u00a0\u00a0<\/p>\n<p style=\"text-align: justify;\"><span style=\"color: #000000;\">Bei mittelgro\u00dfen bis gro\u00dfen Zahnsch\u00e4den empfiehlt sich die dauerhafte Versorgung mit so genannten <strong>Inlays<\/strong>,<strong> Teilkronen <\/strong>oder <strong>Kronen<\/strong>.<\/span>\u00a0\u00a0\u00a0\u00a0\u00a0\u00a0\u00a0\u00a0\u00a0<\/p>\n<p style=\"text-align: justify;\"><span style=\"color: #000000;\"><strong>Inlays (Einlagef\u00fcllungen)<\/strong><strong>\u00a0<\/strong><\/span>\u00a0\u00a0\u00a0\u00a0\u00a0\u00a0\u00a0\u00a0\u00a0<\/p>\n<p style=\"text-align: justify;\"><span style=\"color: #000000;\">Der Begriff \u201eInlay\u201c bedeutet so viel wie \u201eEinlage\u201c, daher auch der alternative Name \u201eEinlagef\u00fcllungen\u201c. Sie werden entweder in einem Dentallabor \u00fcber eine Abdrucknahme oder direkt \u00fcber eine computergesteuerte Fr\u00e4smaschine hergestellt und nach der Fertigstellung in die H\u00f6hlung des Zahnes eingef\u00fcgt. Dazu wird ein Kleber oder ein spezieller Zahnzement verwendet. Im Gegensatz dazu werden \u201eplastische F\u00fcllungen\u201c portionsweise direkt in den Zahn eingef\u00fcllt und dort ausgeh\u00e4rtet.<\/span>\u00a0\u00a0\u00a0\u00a0\u00a0\u00a0\u00a0\u00a0\u00a0<\/p>\n<p style=\"text-align: justify;\">\u00a0<span style=\"color: #000000;\">Als Materialien f\u00fcr Inlays stehen Gold oder Keramik zur Verf\u00fcgung. Beide zeichnen sich durch eine hohe Lebensdauer aus, wobei Inlays aus Keramik zus\u00e4tzlich \u00fcber ein sehr \u00e4sthetisches Aussehen und eine sehr gute K\u00f6rpervertr\u00e4glichkeit verf\u00fcgen<\/span>\u00a0\u00a0\u00a0\u00a0\u00a0\u00a0\u00a0\u00a0\u00a0<\/p>\n<p style=\"text-align: justify;\"><span style=\"color: #000000;\"><span style=\"color: #000000;\"><a href=\"http:\/\/dr-nikolaus.de\/wp-content\/uploads\/2011\/01\/Gold-Inlay-11.bmp\" rel=\"lightbox[45]\"><img decoding=\"async\" class=\"alignnone size-full wp-image-301\" title=\"Gold-Inlay 1\" src=\"http:\/\/dr-nikolaus.de\/wp-content\/uploads\/2011\/01\/Gold-Inlay-11.bmp\" alt=\"\" \/><\/a>\u00a0\u00a0 <a href=\"http:\/\/dr-nikolaus.de\/wp-content\/uploads\/2011\/01\/Keramik-Inlay-21.bmp\" rel=\"lightbox[45]\"><img decoding=\"async\" class=\"alignnone size-full wp-image-300\" title=\"Keramik-Inlay 2\" src=\"http:\/\/dr-nikolaus.de\/wp-content\/uploads\/2011\/01\/Keramik-Inlay-21.bmp\" alt=\"\" \/><\/a>\u00a0<\/span><\/span>\u00a0\u00a0\u00a0\u00a0\u00a0\u00a0\u00a0<\/p>\n<p><span style=\"color: #000000;\"><span style=\"color: #000000;\"><span style=\"color: #000000;\"><span style=\"color: #000000;\"><span style=\"color: #000000;\">Amalgam<\/span><\/span><\/span><\/span><\/span>\u00a0\u00a0\u00a0\u00a0\u00a0\u00a0\u00a0<\/p>\n<p><span style=\"color: #000000;\"><span style=\"color: #000000;\"><span style=\"color: #000000;\"><span style=\"color: #000000;\"><span style=\"color: #000000;\">Die Amalgamf\u00fcllung oder auch Kassenf\u00fcllung ist seit langer Zeit in die Kritik geraten. Nicht, dass die Amalgamf\u00fcllung\u00a0 an sich schlecht w\u00e4re. Sie l\u00e4sst sich einfach verarbeiten und ist relativ stabil und langlebig.<br \/>\nAllerdings fallen Amalgamf\u00fcllungen im Mund auf, da sie eine mittlere bis dunkle, metallene Farbe besitzen und nach einiger Zeit meist\u00a0 weiter nachdunkeln. Weiterhin erh\u00f6hen Amalgamf\u00fcllungen die Quecksilberbelastung im K\u00f6rper. Ob dies Auswirkungen auf die Gesundheit hat, ist jedoch immer noch umstritten und wird von Fachleuten unterschiedlich beurteilt.<br \/>\nAusgebohrtes Amalgam muss in der Zahnarztpraxis als Sonderm\u00fcll behandelt werden. Es macht uns skeptisch, mit Sonderm\u00fcll wieder die Z\u00e4hne aufzubauen. Deshalb wird es in unserer Praxis nicht mehr verwendet.<\/span><\/span><\/span><\/span><\/span><\/p>\n","protected":false},"excerpt":{"rendered":"<p>Wenn Karies den Zahn angegriffen und L\u00f6cher hervorgerufen hat, kann man mit F\u00fcllungen Abhilfe schaffen. Zun\u00e4chst muss der Zahn vollst\u00e4ndig von der Karies befreit werden. In unserer Praxis verwenden wir zus\u00e4tzlich zur optischen und taktilen Kontrolle einen so genannten \u201eKariesdetektor\u201c. &hellip; <a href=\"https:\/\/dr-nikolaus.de\/?page_id=45\">Weiterlesen <span class=\"meta-nav\">&rarr;<\/span><\/a><\/p>\n","protected":false},"author":2,"featured_media":0,"parent":21,"menu_order":6,"comment_status":"closed","ping_status":"open","template":"","meta":{"footnotes":""},"_links":{"self":[{"href":"https:\/\/dr-nikolaus.de\/index.php?rest_route=\/wp\/v2\/pages\/45"}],"collection":[{"href":"https:\/\/dr-nikolaus.de\/index.php?rest_route=\/wp\/v2\/pages"}],"about":[{"href":"https:\/\/dr-nikolaus.de\/index.php?rest_route=\/wp\/v2\/types\/page"}],"author":[{"embeddable":true,"href":"https:\/\/dr-nikolaus.de\/index.php?rest_route=\/wp\/v2\/users\/2"}],"replies":[{"embeddable":true,"href":"https:\/\/dr-nikolaus.de\/index.php?rest_route=%2Fwp%2Fv2%2Fcomments&post=45"}],"version-history":[{"count":46,"href":"https:\/\/dr-nikolaus.de\/index.php?rest_route=\/wp\/v2\/pages\/45\/revisions"}],"predecessor-version":[{"id":740,"href":"https:\/\/dr-nikolaus.de\/index.php?rest_route=\/wp\/v2\/pages\/45\/revisions\/740"}],"up":[{"embeddable":true,"href":"https:\/\/dr-nikolaus.de\/index.php?rest_route=\/wp\/v2\/pages\/21"}],"wp:attachment":[{"href":"https:\/\/dr-nikolaus.de\/index.php?rest_route=%2Fwp%2Fv2%2Fmedia&parent=45"}],"curies":[{"name":"wp","href":"https:\/\/api.w.org\/{rel}","templated":true}]}}