{"id":49,"date":"2011-01-06T14:22:11","date_gmt":"2011-01-06T14:22:11","guid":{"rendered":"http:\/\/dr-nikolaus.de\/?page_id=49"},"modified":"2017-12-06T12:23:32","modified_gmt":"2017-12-06T11:23:32","slug":"zahnersatz","status":"publish","type":"page","link":"https:\/\/dr-nikolaus.de\/?page_id=49","title":{"rendered":"Zahnersatz"},"content":{"rendered":"<p style=\"text-align: justify;\"><span style=\"color: #000000;\">In unserer Praxis bieten wir s\u00e4mtliche Versorgungsm\u00f6glichkeiten mit Zahnersatz an.<\/span><\/p>\n<p style=\"text-align: justify;\"><span style=\"color: #000000;\">Der Ersatz verlorener Z\u00e4hne hat eine bedeutende Rolle, weil er die Gesundheit des Kauorgans wiederherstellt. Er schafft die Voraussetzungen f\u00fcr Kauf\u00e4higkeit und \u00c4sthetik und beugt gleichzeitig der weiteren Zerst\u00f6rung des Kiefers vor. Es ist in den meisten F\u00e4llen m\u00f6glich, zerst\u00f6rte oder verlorene Z\u00e4hne funktionell und \u00e4sthetisch zu ersetzen. Jeder Zahnersatz ist daher ein durch Zahnarzt und Zahntechniker angefertigtes Unikat.<\/span><\/p>\n<p style=\"text-align: justify;\"><span style=\"color: #000000;\">Bei dem Ersatz fehlender Z\u00e4hne wird zwischen festsitzendem und herausnehmbarem Zahnersatz unterschieden<br \/>\n<\/span><\/p>\n<p><strong><span style=\"color: #000000;\">Festsitzender Zahnersatz<\/span><\/strong><\/p>\n<p><span style=\"color: #000000;\">&#8211; <strong><a href=\"http:\/\/dr-nikolaus.de\/?page_id=190\" target=\"_self\">Teilkronen<\/a><\/strong> (in Gold oder Keramik)<br \/>\n&#8211; <strong><a href=\"http:\/\/dr-nikolaus.de\/?page_id=192\" target=\"_self\">K<\/a><\/strong><\/span><span style=\"color: #000000;\"><strong><a href=\"http:\/\/dr-nikolaus.de\/?page_id=192\" target=\"_self\">ronen<\/a><\/strong>: Vollguss-Kronen, Verblendkeramik-Kronen, Vollkeramik-Kronen<br \/>\n&#8211; <strong><a title=\"Br\u00fccken\" href=\"http:\/\/dr-nikolaus.de\/?page_id=194\">B<\/a><\/strong><\/span><span style=\"color: #000000;\"><strong><a title=\"Br\u00fccken\" href=\"http:\/\/dr-nikolaus.de\/?page_id=194\">r\u00fccken<\/a><\/strong>: Vollguss-Br\u00fccken, Verblendkeramik-Br\u00fccken, Vollkeramik-Br\u00fccken<br \/>\n&#8211; <strong><a title=\"Was sind Implantate?\" href=\"http:\/\/dr-nikolaus.de\/?page_id=206\">F<\/a><\/strong><\/span><span style=\"color: #000000;\"><strong><a title=\"Was sind Implantate?\" href=\"http:\/\/dr-nikolaus.de\/?page_id=206\">estsitzende Implantatprothetik <\/a><\/strong><\/span><\/p>\n<p><span style=\"color: #000000;\"><strong>Herausnehmbarer Zahnersatz<\/strong><\/span><\/p>\n<p><span style=\"color: #000000;\">&#8211; <strong><a title=\"Teilprothesen\" href=\"http:\/\/dr-nikolaus.de\/?page_id=196\">Teilprothesen<\/a><\/strong><\/span><\/p>\n<p><span style=\"color: #000000;\">&#8211; <\/span><span style=\"color: #000000;\"><strong><a title=\"Totalprothesen\" href=\"http:\/\/dr-nikolaus.de\/?page_id=199\">Totalprothesen<\/a><\/strong><\/span><\/p>\n<p><span style=\"color: #000000;\"><strong>&#8211; <a href=\"http:\/\/dr-nikolaus.de\/?page_id=202\" target=\"_self\">Metallfreier Zahnersatz<\/p>\n<p><\/a><\/strong><\/span><\/p>\n<p>&nbsp;<\/p>\n<p><span style=\"color: #ffffff;\">Zahnarzt Bad S\u00e4ckingen Bad S\u00e4ckingen Zahnarzt<\/span><\/p>\n<p><span style=\"color: #000000;\"><strong><a href=\"http:\/\/dr-nikolaus.de\/?page_id=202\" target=\"_self\"><\/a><\/strong><\/span><\/p>\n","protected":false},"excerpt":{"rendered":"<p>In unserer Praxis bieten wir s\u00e4mtliche Versorgungsm\u00f6glichkeiten mit Zahnersatz an. Der Ersatz verlorener Z\u00e4hne hat eine bedeutende Rolle, weil er die Gesundheit des Kauorgans wiederherstellt. Er schafft die Voraussetzungen f\u00fcr Kauf\u00e4higkeit und \u00c4sthetik und beugt gleichzeitig der weiteren Zerst\u00f6rung des &hellip; <a href=\"https:\/\/dr-nikolaus.de\/?page_id=49\">Weiterlesen <span class=\"meta-nav\">&rarr;<\/span><\/a><\/p>\n","protected":false},"author":2,"featured_media":0,"parent":21,"menu_order":8,"comment_status":"closed","ping_status":"open","template":"","meta":{"footnotes":""},"_links":{"self":[{"href":"https:\/\/dr-nikolaus.de\/index.php?rest_route=\/wp\/v2\/pages\/49"}],"collection":[{"href":"https:\/\/dr-nikolaus.de\/index.php?rest_route=\/wp\/v2\/pages"}],"about":[{"href":"https:\/\/dr-nikolaus.de\/index.php?rest_route=\/wp\/v2\/types\/page"}],"author":[{"embeddable":true,"href":"https:\/\/dr-nikolaus.de\/index.php?rest_route=\/wp\/v2\/users\/2"}],"replies":[{"embeddable":true,"href":"https:\/\/dr-nikolaus.de\/index.php?rest_route=%2Fwp%2Fv2%2Fcomments&post=49"}],"version-history":[{"count":10,"href":"https:\/\/dr-nikolaus.de\/index.php?rest_route=\/wp\/v2\/pages\/49\/revisions"}],"predecessor-version":[{"id":1414,"href":"https:\/\/dr-nikolaus.de\/index.php?rest_route=\/wp\/v2\/pages\/49\/revisions\/1414"}],"up":[{"embeddable":true,"href":"https:\/\/dr-nikolaus.de\/index.php?rest_route=\/wp\/v2\/pages\/21"}],"wp:attachment":[{"href":"https:\/\/dr-nikolaus.de\/index.php?rest_route=%2Fwp%2Fv2%2Fmedia&parent=49"}],"curies":[{"name":"wp","href":"https:\/\/api.w.org\/{rel}","templated":true}]}}