{"id":51,"date":"2011-01-06T14:22:40","date_gmt":"2011-01-06T14:22:40","guid":{"rendered":"http:\/\/dr-nikolaus.de\/?page_id=51"},"modified":"2015-10-06T07:15:01","modified_gmt":"2015-10-06T06:15:01","slug":"implantatversorgungen","status":"publish","type":"page","link":"https:\/\/dr-nikolaus.de\/?page_id=51","title":{"rendered":"Implantatgetragener Zahnersatz"},"content":{"rendered":"<p><span style=\"color: #000000;\"><strong>In Zusammenarbeit mit spezialisierten Oralchirurgen in unserer N\u00e4he bieten wir Ihnen ein gro\u00dfes Leistungsspektrum an implantatgetragenem Zahnersatz an.<a href=\"http:\/\/dr-nikolaus.de\/?page_id=206 \" target=\"_self\"><\/p>\n<p>Was sind Implantate?<\/a><\/strong><\/span><\/p>\n<p><span style=\"color: #000000;\"><strong><a href=\"http:\/\/dr-nikolaus.de\/?page_id=208\" target=\"_self\">Wann k\u00f6nnen Implantate eingesetzt werden?<\/a><\/strong><\/span><\/p>\n<p><span style=\"color: #000000;\"><strong><a href=\"http:\/\/dr-nikolaus.de\/?page_id=210\" target=\"_self\">Welche Vorteile haben Implantate?<\/a><\/strong><\/span><\/p>\n<p><span style=\"color: #000000;\"><strong><a href=\"http:\/\/dr-nikolaus.de\/?page_id=212\" target=\"_self\">Welche Nachteile haben Implantate?<\/a><\/strong><\/span><\/p>\n","protected":false},"excerpt":{"rendered":"<p>In Zusammenarbeit mit spezialisierten Oralchirurgen in unserer N\u00e4he bieten wir Ihnen ein gro\u00dfes Leistungsspektrum an implantatgetragenem Zahnersatz an. Was sind Implantate? Wann k\u00f6nnen Implantate eingesetzt werden? Welche Vorteile haben Implantate? Welche Nachteile haben Implantate?<\/p>\n","protected":false},"author":2,"featured_media":0,"parent":21,"menu_order":9,"comment_status":"closed","ping_status":"open","template":"","meta":{"footnotes":""},"_links":{"self":[{"href":"https:\/\/dr-nikolaus.de\/index.php?rest_route=\/wp\/v2\/pages\/51"}],"collection":[{"href":"https:\/\/dr-nikolaus.de\/index.php?rest_route=\/wp\/v2\/pages"}],"about":[{"href":"https:\/\/dr-nikolaus.de\/index.php?rest_route=\/wp\/v2\/types\/page"}],"author":[{"embeddable":true,"href":"https:\/\/dr-nikolaus.de\/index.php?rest_route=\/wp\/v2\/users\/2"}],"replies":[{"embeddable":true,"href":"https:\/\/dr-nikolaus.de\/index.php?rest_route=%2Fwp%2Fv2%2Fcomments&post=51"}],"version-history":[{"count":7,"href":"https:\/\/dr-nikolaus.de\/index.php?rest_route=\/wp\/v2\/pages\/51\/revisions"}],"predecessor-version":[{"id":1267,"href":"https:\/\/dr-nikolaus.de\/index.php?rest_route=\/wp\/v2\/pages\/51\/revisions\/1267"}],"up":[{"embeddable":true,"href":"https:\/\/dr-nikolaus.de\/index.php?rest_route=\/wp\/v2\/pages\/21"}],"wp:attachment":[{"href":"https:\/\/dr-nikolaus.de\/index.php?rest_route=%2Fwp%2Fv2%2Fmedia&parent=51"}],"curies":[{"name":"wp","href":"https:\/\/api.w.org\/{rel}","templated":true}]}}