{"id":56,"date":"2011-01-06T14:25:01","date_gmt":"2011-01-06T14:25:01","guid":{"rendered":"http:\/\/dr-nikolaus.de\/?page_id=56"},"modified":"2024-04-02T12:17:29","modified_gmt":"2024-04-02T11:17:29","slug":"zahntechnik","status":"publish","type":"page","link":"https:\/\/dr-nikolaus.de\/?page_id=56","title":{"rendered":"Zahntechnik"},"content":{"rendered":"<p style=\"text-align: justify;\"><span style=\"color: #000000;\">Wir setzen auf eine partnerschaftliche Zusammenarbeit sowie perfekte und z\u00fcgige Umsetzung.<\/span><\/p>\n<p style=\"text-align: justify;\"><span style=\"color: #000000;\">Es gen\u00fcgt heute nicht mehr, nur perfekte zahnmedizinische Leistungen zu erbringen. Vielmehr m\u00fcssen die hohen \u00e4sthetischen Anforderungen unserer Patienten im gleichen Ma\u00dfe erf\u00fcllt werden. <\/span><\/p>\n<p style=\"text-align: justify;\"><span style=\"color: #000000;\">Besonderen Wert legen wir daher auf qualitativ einwandfrei hergestellten Zahnersatz aus Deutschland. Aus diesem Grund arbeiten wir eng ausschlie\u00dflich mit Dentallaboren aus S\u00fcdbaden zusammen. Die Ergebnisse stehen f\u00fcr einen perfekten Sitz, uneingeschr\u00e4nkte Funktionalit\u00e4t und eine optimale \u00c4sthetik.<\/span><\/p>\n","protected":false},"excerpt":{"rendered":"<p>Wir setzen auf eine partnerschaftliche Zusammenarbeit sowie perfekte und z\u00fcgige Umsetzung. Es gen\u00fcgt heute nicht mehr, nur perfekte zahnmedizinische Leistungen zu erbringen. Vielmehr m\u00fcssen die hohen \u00e4sthetischen Anforderungen unserer Patienten im gleichen Ma\u00dfe erf\u00fcllt werden. Besonderen Wert legen wir daher &hellip; <a href=\"https:\/\/dr-nikolaus.de\/?page_id=56\">Weiterlesen <span class=\"meta-nav\">&rarr;<\/span><\/a><\/p>\n","protected":false},"author":2,"featured_media":0,"parent":21,"menu_order":11,"comment_status":"closed","ping_status":"open","template":"","meta":{"footnotes":""},"_links":{"self":[{"href":"https:\/\/dr-nikolaus.de\/index.php?rest_route=\/wp\/v2\/pages\/56"}],"collection":[{"href":"https:\/\/dr-nikolaus.de\/index.php?rest_route=\/wp\/v2\/pages"}],"about":[{"href":"https:\/\/dr-nikolaus.de\/index.php?rest_route=\/wp\/v2\/types\/page"}],"author":[{"embeddable":true,"href":"https:\/\/dr-nikolaus.de\/index.php?rest_route=\/wp\/v2\/users\/2"}],"replies":[{"embeddable":true,"href":"https:\/\/dr-nikolaus.de\/index.php?rest_route=%2Fwp%2Fv2%2Fcomments&post=56"}],"version-history":[{"count":12,"href":"https:\/\/dr-nikolaus.de\/index.php?rest_route=\/wp\/v2\/pages\/56\/revisions"}],"predecessor-version":[{"id":1655,"href":"https:\/\/dr-nikolaus.de\/index.php?rest_route=\/wp\/v2\/pages\/56\/revisions\/1655"}],"up":[{"embeddable":true,"href":"https:\/\/dr-nikolaus.de\/index.php?rest_route=\/wp\/v2\/pages\/21"}],"wp:attachment":[{"href":"https:\/\/dr-nikolaus.de\/index.php?rest_route=%2Fwp%2Fv2%2Fmedia&parent=56"}],"curies":[{"name":"wp","href":"https:\/\/api.w.org\/{rel}","templated":true}]}}