{"id":63,"date":"2011-01-06T14:36:52","date_gmt":"2011-01-06T14:36:52","guid":{"rendered":"http:\/\/dr-nikolaus.de\/?page_id=63"},"modified":"2011-09-28T08:24:44","modified_gmt":"2011-09-28T07:24:44","slug":"anfahrt","status":"publish","type":"page","link":"https:\/\/dr-nikolaus.de\/?page_id=63","title":{"rendered":"Anfahrt"},"content":{"rendered":"<p style=\"text-align: justify;\"><span style=\"color: #000000;\"><span style=\"color: #0000ff;\">Von der Schweiz<br \/>\n<\/span><\/span><span style=\"color: #000000;\">Fahren Sie nach dem Zoll bis zum Kreisverkehr. Dort biegen Sie die erste Stra\u00dfe rechts ab (Schulhausstra\u00dfe) und folgen dieser bis zur Ampelanlage. Dort biegen Sie dann rechts ab (Giessenstrasse) und fahren bis zur Ecke S\u00dcDKURIER (gro\u00dfe Beschilderung rechts). Hier biegen Sie rechts in die Hauensteinstra\u00dfe ein, wo Sie die Praxis am Ende des Geb\u00e4udes finden. Direkt gegen\u00fcber befinden sich 2 Praxisparkpl\u00e4tze.<\/span>\u00a0<\/p>\n<p style=\"text-align: justify;\"><span style=\"color: #000000;\"><span style=\"color: #0000ff;\">Von Rheinfelden<br \/>\n<\/span>Biegen Sie nach dem Ortsschild bei der Ampelanlage (Mc Donalds) rechts ab, fahren durch die Unterf\u00fchrung und biegen wieder rechts ab. Sie folgen der Stra\u00dfe bis zur Bahnlinie, biegen rechts ab und folgen der Bahnlinie bis zur Ampelanlage (Ecke Giessenstra\u00dfe\/Schulhausstra\u00dfe). Fahren Sie bei der Ampelanlage geradeaus (Giessenstra\u00dfe) bis zum S\u00dcDKURIER und biegen dort rechts ab in die Hauensteinstra\u00dfe, wo Sie uns am Ende des Geb\u00e4udes finden. 2 Praxisparkpl\u00e4tze liegen direkt gegen\u00fcber.<\/span>\u00a0<\/p>\n<p style=\"text-align: justify;\">\n<div style=\"text-align: justify;\"><span style=\"color: #000000;\"><span style=\"color: #0000ff;\">Von Waldshut<\/span><br \/>\nAuf der B 34 bis zur Ampelanlage bei der Park-Apotheke. Dort biegen Sie links ab (Scheffelstra\u00dfe), fahren durch die Unterf\u00fchrung bis zum Elektro- gesch\u00e4ft Siebler (Ecke Scheffelstra\u00dfe\/Hauensteinstra\u00dfe). Dort biegen Sie rechts ab in die Hauensteinstra\u00dfe, fahren am Amtsgericht vorbei und biegen rechts in Giessenstra\u00dfe, um beim S\u00dcDKURIER-Geb\u00e4ude wieder nach links in die Hauensteinstra\u00dfe abzubiegen. Sie finden die Praxis am Ende des Geb\u00e4udes. 2 Praxisparkpl\u00e4tze befinden sich gegen\u00fcberliegend.<\/span><\/div>\n<div style=\"text-align: justify;\">\u00a0<\/div>\n<p>\u00a0<span style=\"color: #000000;\"><span style=\"color: #000000;\"><span style=\"color: #000000;\"><span style=\"color: #0000ff;\"><a href=\"http:\/\/dr-nikolaus.de\/wp-content\/uploads\/2011\/01\/anfahrt.gif\" rel=\"lightbox[63]\"><img loading=\"lazy\" decoding=\"async\" class=\"size-medium wp-image-367 aligncenter\" title=\"anfahrt\" src=\"http:\/\/dr-nikolaus.de\/wp-content\/uploads\/2011\/01\/anfahrt-300x295.gif\" alt=\"\" width=\"300\" height=\"295\" srcset=\"https:\/\/dr-nikolaus.de\/wp-content\/uploads\/2011\/01\/anfahrt-300x295.gif 300w, https:\/\/dr-nikolaus.de\/wp-content\/uploads\/2011\/01\/anfahrt.gif 406w\" sizes=\"(max-width: 300px) 100vw, 300px\" \/><\/a><\/span><\/span><\/span>\u00a0<\/span><\/p>\n<p><span style=\"color: #000000;\">\u00a0<\/span><\/p>\n<p><iframe loading=\"lazy\" width=\"425\" height=\"350\" frameborder=\"0\" scrolling=\"no\" marginheight=\"0\" marginwidth=\"0\" src=\"http:\/\/maps.google.de\/maps?f=q&amp;source=s_q&amp;hl=de&amp;geocode=&amp;q=dr.+nikolaus+bad+s%C3%A4ckingen&amp;aq=&amp;sll=51.151786,10.415039&amp;sspn=11.556741,37.96875&amp;vpsrc=0&amp;ie=UTF8&amp;hq=dr.+nikolaus+bad+s%C3%A4ckingenb&amp;hnear=&amp;t=h&amp;cid=6477411150492300869&amp;z=13&amp;iwloc=A&amp;output=embed\"><\/iframe><br \/><small><a href=\"http:\/\/maps.google.de\/maps?f=q&amp;source=embed&amp;hl=de&amp;geocode=&amp;q=dr.+nikolaus+bad+s%C3%A4ckingen&amp;aq=&amp;sll=51.151786,10.415039&amp;sspn=11.556741,37.96875&amp;vpsrc=0&amp;ie=UTF8&amp;hq=dr.+nikolaus+bad+s%C3%A4ckingenb&amp;hnear=&amp;t=h&amp;cid=6477411150492300869&amp;z=13&amp;iwloc=A\" style=\"color:#0000FF;text-align:left\">Gr\u00f6\u00dfere Kartenansicht<\/a><\/small><\/p>\n","protected":false},"excerpt":{"rendered":"<p>Von der Schweiz Fahren Sie nach dem Zoll bis zum Kreisverkehr. Dort biegen Sie die erste Stra\u00dfe rechts ab (Schulhausstra\u00dfe) und folgen dieser bis zur Ampelanlage. Dort biegen Sie dann rechts ab (Giessenstrasse) und fahren bis zur Ecke S\u00dcDKURIER (gro\u00dfe &hellip; <a href=\"https:\/\/dr-nikolaus.de\/?page_id=63\">Weiterlesen <span class=\"meta-nav\">&rarr;<\/span><\/a><\/p>\n","protected":false},"author":2,"featured_media":0,"parent":26,"menu_order":3,"comment_status":"closed","ping_status":"open","template":"","meta":{"footnotes":""},"_links":{"self":[{"href":"https:\/\/dr-nikolaus.de\/index.php?rest_route=\/wp\/v2\/pages\/63"}],"collection":[{"href":"https:\/\/dr-nikolaus.de\/index.php?rest_route=\/wp\/v2\/pages"}],"about":[{"href":"https:\/\/dr-nikolaus.de\/index.php?rest_route=\/wp\/v2\/types\/page"}],"author":[{"embeddable":true,"href":"https:\/\/dr-nikolaus.de\/index.php?rest_route=\/wp\/v2\/users\/2"}],"replies":[{"embeddable":true,"href":"https:\/\/dr-nikolaus.de\/index.php?rest_route=%2Fwp%2Fv2%2Fcomments&post=63"}],"version-history":[{"count":44,"href":"https:\/\/dr-nikolaus.de\/index.php?rest_route=\/wp\/v2\/pages\/63\/revisions"}],"predecessor-version":[{"id":366,"href":"https:\/\/dr-nikolaus.de\/index.php?rest_route=\/wp\/v2\/pages\/63\/revisions\/366"}],"up":[{"embeddable":true,"href":"https:\/\/dr-nikolaus.de\/index.php?rest_route=\/wp\/v2\/pages\/26"}],"wp:attachment":[{"href":"https:\/\/dr-nikolaus.de\/index.php?rest_route=%2Fwp%2Fv2%2Fmedia&parent=63"}],"curies":[{"name":"wp","href":"https:\/\/api.w.org\/{rel}","templated":true}]}}