{"id":75,"date":"2011-01-06T14:50:29","date_gmt":"2011-01-06T14:50:29","guid":{"rendered":"http:\/\/dr-nikolaus.de\/?page_id=75"},"modified":"2018-03-28T11:05:33","modified_gmt":"2018-03-28T10:05:33","slug":"besonderheiten","status":"publish","type":"page","link":"https:\/\/dr-nikolaus.de\/?page_id=75","title":{"rendered":"Besonderheiten"},"content":{"rendered":"<div><span style=\"color: #000000;\"><strong><span style=\"color: #000000;\">In unserer Praxis bieten wir Ihnen\u00a0viele Vorz\u00fcge wie z.B.:<\/span> <\/strong><\/span><\/div>\n<div><span style=\"color: #000000;\"><span style=\"color: #000000;\">&#8211; Klimatisierte Behandlungsr\u00e4ume<br \/>\n&#8211; Eigene kostenfreie Parkpl\u00e4tze direkt vor der Praxis<br \/>\n&#8211; Kostenfreies WLAN im Wartezimmer<br \/>\n&#8211; Ebenerdiger Praxiszugang<\/span><\/span><\/div>\n<div><\/div>\n<div><span style=\"color: #000000;\">\u00a0<\/span><\/div>\n<div><\/div>\n<div><\/div>\n<div><\/div>\n<div>\n<div>\n<div>\n<div>\n<div>\n<div><\/div>\n<\/div>\n<\/div>\n<\/div>\n<\/div>\n<\/div>\n","protected":false},"excerpt":{"rendered":"<p>In unserer Praxis bieten wir Ihnen\u00a0viele Vorz\u00fcge wie z.B.: &#8211; Klimatisierte Behandlungsr\u00e4ume &#8211; Eigene kostenfreie Parkpl\u00e4tze direkt vor der Praxis &#8211; Kostenfreies WLAN im Wartezimmer &#8211; Ebenerdiger Praxiszugang \u00a0<\/p>\n","protected":false},"author":2,"featured_media":0,"parent":4,"menu_order":4,"comment_status":"closed","ping_status":"open","template":"","meta":{"footnotes":""},"_links":{"self":[{"href":"https:\/\/dr-nikolaus.de\/index.php?rest_route=\/wp\/v2\/pages\/75"}],"collection":[{"href":"https:\/\/dr-nikolaus.de\/index.php?rest_route=\/wp\/v2\/pages"}],"about":[{"href":"https:\/\/dr-nikolaus.de\/index.php?rest_route=\/wp\/v2\/types\/page"}],"author":[{"embeddable":true,"href":"https:\/\/dr-nikolaus.de\/index.php?rest_route=\/wp\/v2\/users\/2"}],"replies":[{"embeddable":true,"href":"https:\/\/dr-nikolaus.de\/index.php?rest_route=%2Fwp%2Fv2%2Fcomments&post=75"}],"version-history":[{"count":28,"href":"https:\/\/dr-nikolaus.de\/index.php?rest_route=\/wp\/v2\/pages\/75\/revisions"}],"predecessor-version":[{"id":1453,"href":"https:\/\/dr-nikolaus.de\/index.php?rest_route=\/wp\/v2\/pages\/75\/revisions\/1453"}],"up":[{"embeddable":true,"href":"https:\/\/dr-nikolaus.de\/index.php?rest_route=\/wp\/v2\/pages\/4"}],"wp:attachment":[{"href":"https:\/\/dr-nikolaus.de\/index.php?rest_route=%2Fwp%2Fv2%2Fmedia&parent=75"}],"curies":[{"name":"wp","href":"https:\/\/api.w.org\/{rel}","templated":true}]}}